{"id":153,"date":"2025-02-07T00:13:13","date_gmt":"2025-02-06T23:13:13","guid":{"rendered":"https:\/\/production-nethys.fr\/proclean\/?page_id=153"},"modified":"2025-04-14T17:12:10","modified_gmt":"2025-04-14T15:12:10","slug":"contact","status":"publish","type":"page","link":"https:\/\/production-nethys.fr\/proclean\/contact\/","title":{"rendered":"Contact"},"content":{"rendered":"\t\t<div data-elementor-type=\"wp-page\" data-elementor-id=\"153\" class=\"elementor elementor-153\" data-elementor-post-type=\"page\">\n\t\t\t\t\t\t<section class=\"elementor-section elementor-top-section elementor-element elementor-element-3e10ecca elementor-section-full_width elementor-section-height-default elementor-section-height-default\" data-id=\"3e10ecca\" data-element_type=\"section\">\n\t\t\t\t\t\t<div class=\"elementor-container elementor-column-gap-no\">\n\t\t\t\t\t<div class=\"elementor-column elementor-col-100 elementor-top-column elementor-element elementor-element-213ac595\" data-id=\"213ac595\" data-element_type=\"column\">\n\t\t\t<div class=\"elementor-widget-wrap elementor-element-populated\">\n\t\t\t\t\t\t<div class=\"elementor-element elementor-element-603e1ec elementor-widget elementor-widget-google_maps\" data-id=\"603e1ec\" data-element_type=\"widget\" data-widget_type=\"google_maps.default\">\n\t\t\t\t<div class=\"elementor-widget-container\">\n\t\t\t\t\t\t\t<div class=\"elementor-custom-embed\">\n\t\t\t<iframe loading=\"lazy\"\n\t\t\t\t\tsrc=\"https:\/\/maps.google.com\/maps?q=Montmorency&#038;t=m&#038;z=12&#038;output=embed&#038;iwloc=near\"\n\t\t\t\t\ttitle=\"Montmorency\"\n\t\t\t\t\taria-label=\"Montmorency\"\n\t\t\t><\/iframe>\n\t\t<\/div>\n\t\t\t\t\t\t<\/div>\n\t\t\t\t<\/div>\n\t\t\t\t\t<\/div>\n\t\t<\/div>\n\t\t\t\t\t<\/div>\n\t\t<\/section>\n\t\t\t\t<section class=\"elementor-section elementor-top-section elementor-element elementor-element-502e6aeb elementor-section-boxed elementor-section-height-default elementor-section-height-default\" data-id=\"502e6aeb\" data-element_type=\"section\">\n\t\t\t\t\t\t<div class=\"elementor-container elementor-column-gap-no\">\n\t\t\t\t\t<div class=\"elementor-column elementor-col-50 elementor-top-column elementor-element elementor-element-79cdfc0b elementor-invisible\" data-id=\"79cdfc0b\" data-element_type=\"column\" data-settings=\"{&quot;background_background&quot;:&quot;classic&quot;,&quot;animation&quot;:&quot;fadeInLeft&quot;}\">\n\t\t\t<div class=\"elementor-widget-wrap elementor-element-populated\">\n\t\t\t\t\t\t<div class=\"elementor-element elementor-element-54003e45 elementor-widget elementor-widget-heading\" data-id=\"54003e45\" data-element_type=\"widget\" data-widget_type=\"heading.default\">\n\t\t\t\t<div class=\"elementor-widget-container\">\n\t\t\t\t\t<h5 class=\"elementor-heading-title elementor-size-default\">FORMULAIRE DE CONTACT<\/h5>\t\t\t\t<\/div>\n\t\t\t\t<\/div>\n\t\t\t\t<div class=\"elementor-element elementor-element-1cf30422 elementor-button-align-stretch elementor-widget elementor-widget-form\" data-id=\"1cf30422\" data-element_type=\"widget\" data-settings=\"{&quot;step_next_label&quot;:&quot;Next&quot;,&quot;step_previous_label&quot;:&quot;Previous&quot;,&quot;button_width&quot;:&quot;100&quot;,&quot;step_type&quot;:&quot;number_text&quot;,&quot;step_icon_shape&quot;:&quot;circle&quot;}\" data-widget_type=\"form.default\">\n\t\t\t\t<div class=\"elementor-widget-container\">\n\t\t\t\t\t\t\t<form class=\"elementor-form\" method=\"post\" name=\"New Form\">\n\t\t\t<input type=\"hidden\" name=\"post_id\" value=\"153\"\/>\n\t\t\t<input type=\"hidden\" name=\"form_id\" value=\"1cf30422\"\/>\n\t\t\t<input type=\"hidden\" name=\"referer_title\" value=\"La Main verte\" \/>\n\n\t\t\t\n\t\t\t<div class=\"elementor-form-fields-wrapper elementor-labels-\">\n\t\t\t\t\t\t\t\t<div class=\"elementor-field-type-text elementor-field-group elementor-column elementor-field-group-name elementor-col-100\">\n\t\t\t\t\t\t\t\t\t\t\t\t<label for=\"form-field-name\" class=\"elementor-field-label elementor-screen-only\">\n\t\t\t\t\t\t\t\tName\t\t\t\t\t\t\t<\/label>\n\t\t\t\t\t\t\t\t\t\t\t\t\t\t<input size=\"1\" type=\"text\" name=\"form_fields[name]\" id=\"form-field-name\" class=\"elementor-field elementor-size-sm  elementor-field-textual\" placeholder=\"Nom\">\n\t\t\t\t\t\t\t\t\t\t\t<\/div>\n\t\t\t\t\t\t\t\t<div class=\"elementor-field-type-tel elementor-field-group elementor-column elementor-field-group-field_4c2d7b0 elementor-col-100\">\n\t\t\t\t\t\t\t\t\t\t\t\t<label for=\"form-field-field_4c2d7b0\" class=\"elementor-field-label elementor-screen-only\">\n\t\t\t\t\t\t\t\ttel\t\t\t\t\t\t\t<\/label>\n\t\t\t\t\t\t\t\t<input size=\"1\" type=\"tel\" name=\"form_fields[field_4c2d7b0]\" id=\"form-field-field_4c2d7b0\" class=\"elementor-field elementor-size-sm  elementor-field-textual\" placeholder=\"T\u00e9l\u00e9phone\" pattern=\"[0-9()#&amp;+*-=.]+\" title=\"Only numbers and phone characters (#, -, *, etc) are accepted.\">\n\n\t\t\t\t\t\t<\/div>\n\t\t\t\t\t\t\t\t<div class=\"elementor-field-type-text elementor-field-group elementor-column elementor-field-group-field_44c3d82 elementor-col-100\">\n\t\t\t\t\t\t\t\t\t\t\t\t<label for=\"form-field-field_44c3d82\" class=\"elementor-field-label elementor-screen-only\">\n\t\t\t\t\t\t\t\tVille\t\t\t\t\t\t\t<\/label>\n\t\t\t\t\t\t\t\t\t\t\t\t\t\t<input size=\"1\" type=\"text\" name=\"form_fields[field_44c3d82]\" id=\"form-field-field_44c3d82\" class=\"elementor-field elementor-size-sm  elementor-field-textual\" placeholder=\"Ville\">\n\t\t\t\t\t\t\t\t\t\t\t<\/div>\n\t\t\t\t\t\t\t\t<div class=\"elementor-field-type-email elementor-field-group elementor-column elementor-field-group-email elementor-col-100 elementor-field-required\">\n\t\t\t\t\t\t\t\t\t\t\t\t<label for=\"form-field-email\" class=\"elementor-field-label elementor-screen-only\">\n\t\t\t\t\t\t\t\tEmail\t\t\t\t\t\t\t<\/label>\n\t\t\t\t\t\t\t\t\t\t\t\t\t\t<input size=\"1\" type=\"email\" name=\"form_fields[email]\" id=\"form-field-email\" class=\"elementor-field elementor-size-sm  elementor-field-textual\" placeholder=\" Email\" required=\"required\">\n\t\t\t\t\t\t\t\t\t\t\t<\/div>\n\t\t\t\t\t\t\t\t<div class=\"elementor-field-type-textarea elementor-field-group elementor-column elementor-field-group-message elementor-col-100\">\n\t\t\t\t\t\t\t\t\t\t\t\t<label for=\"form-field-message\" class=\"elementor-field-label elementor-screen-only\">\n\t\t\t\t\t\t\t\tMessage\t\t\t\t\t\t\t<\/label>\n\t\t\t\t\t\t<textarea class=\"elementor-field-textual elementor-field  elementor-size-sm\" name=\"form_fields[message]\" id=\"form-field-message\" rows=\"4\" placeholder=\"Message\"><\/textarea>\t\t\t\t<\/div>\n\t\t\t\t\t\t\t\t<div class=\"elementor-field-type-upload elementor-field-group elementor-column elementor-field-group-field_8a0a85f elementor-col-100\">\n\t\t\t\t\t\t\t<input type=\"file\" name=\"form_fields[field_8a0a85f]\" id=\"form-field-field_8a0a85f\" class=\"elementor-field elementor-size-sm  elementor-upload-field\">\n\n\t\t\t\t\t\t<\/div>\n\t\t\t\t\t\t\t\t<div class=\"elementor-field-group elementor-column elementor-field-type-submit elementor-col-100 e-form__buttons\">\n\t\t\t\t\t<button class=\"elementor-button elementor-size-sm\" type=\"submit\">\n\t\t\t\t\t\t<span class=\"elementor-button-content-wrapper\">\n\t\t\t\t\t\t\t\t\t\t\t\t\t\t\t\t\t\t\t\t\t\t<span class=\"elementor-button-text\">Envoyer<\/span>\n\t\t\t\t\t\t\t\t\t\t\t\t\t<\/span>\n\t\t\t\t\t<\/button>\n\t\t\t\t<\/div>\n\t\t\t<\/div>\n\t\t<\/form>\n\t\t\t\t\t\t<\/div>\n\t\t\t\t<\/div>\n\t\t\t\t\t<\/div>\n\t\t<\/div>\n\t\t\t\t<div class=\"elementor-column elementor-col-50 elementor-top-column elementor-element elementor-element-6207382f\" data-id=\"6207382f\" data-element_type=\"column\" data-settings=\"{&quot;background_background&quot;:&quot;classic&quot;}\">\n\t\t\t<div class=\"elementor-widget-wrap elementor-element-populated\">\n\t\t\t\t\t<div class=\"elementor-background-overlay\"><\/div>\n\t\t\t\t\t\t<div class=\"elementor-element elementor-element-7a44d19b elementor-invisible elementor-widget elementor-widget-heading\" data-id=\"7a44d19b\" data-element_type=\"widget\" data-settings=\"{&quot;_animation&quot;:&quot;fadeInUp&quot;}\" data-widget_type=\"heading.default\">\n\t\t\t\t<div class=\"elementor-widget-container\">\n\t\t\t\t\t<h2 class=\"elementor-heading-title elementor-size-default\">Coordonn\u00e9es <\/h2>\t\t\t\t<\/div>\n\t\t\t\t<\/div>\n\t\t\t\t<div class=\"elementor-element elementor-element-343824f5 elementor-invisible elementor-widget elementor-widget-heading\" data-id=\"343824f5\" data-element_type=\"widget\" data-settings=\"{&quot;_animation&quot;:&quot;fadeInUp&quot;}\" data-widget_type=\"heading.default\">\n\t\t\t\t<div class=\"elementor-widget-container\">\n\t\t\t\t\t<p class=\"elementor-heading-title elementor-size-default\">La main verte <\/br>\n16 grande rue, 95 000 ??<\/p>\t\t\t\t<\/div>\n\t\t\t\t<\/div>\n\t\t\t\t<section class=\"elementor-section elementor-inner-section elementor-element elementor-element-70d0bce8 elementor-section-boxed elementor-section-height-default elementor-section-height-default elementor-invisible\" data-id=\"70d0bce8\" data-element_type=\"section\" data-settings=\"{&quot;animation&quot;:&quot;fadeInUp&quot;}\">\n\t\t\t\t\t\t<div class=\"elementor-container elementor-column-gap-no\">\n\t\t\t\t\t<div class=\"elementor-column elementor-col-100 elementor-inner-column elementor-element elementor-element-37572173\" data-id=\"37572173\" data-element_type=\"column\">\n\t\t\t<div class=\"elementor-widget-wrap elementor-element-populated\">\n\t\t\t\t\t\t<div class=\"elementor-element elementor-element-64fcd7ab elementor-vertical-align-top elementor-widget elementor-widget-icon-box\" data-id=\"64fcd7ab\" data-element_type=\"widget\" data-widget_type=\"icon-box.default\">\n\t\t\t\t<div class=\"elementor-widget-container\">\n\t\t\t\t\t\t\t<div class=\"elementor-icon-box-wrapper\">\n\n\t\t\t\n\t\t\t\t\t\t<div class=\"elementor-icon-box-content\">\n\n\t\t\t\t\t\t\t\t\t<p class=\"elementor-icon-box-title\">\n\t\t\t\t\t\t<span  >\n\t\t\t\t\t\t\tEmail\t\t\t\t\t\t<\/span>\n\t\t\t\t\t<\/p>\n\t\t\t\t\n\t\t\t\t\t\t\t\t\t<p class=\"elementor-icon-box-description\">\n\t\t\t\t\t\tcontact@xxxxxx.com\t\t\t\t\t<\/p>\n\t\t\t\t\n\t\t\t<\/div>\n\t\t\t\n\t\t<\/div>\n\t\t\t\t\t\t<\/div>\n\t\t\t\t<\/div>\n\t\t\t\t<div class=\"elementor-element elementor-element-3f296a8e elementor-vertical-align-top elementor-widget elementor-widget-icon-box\" data-id=\"3f296a8e\" data-element_type=\"widget\" data-widget_type=\"icon-box.default\">\n\t\t\t\t<div class=\"elementor-widget-container\">\n\t\t\t\t\t\t\t<div class=\"elementor-icon-box-wrapper\">\n\n\t\t\t\n\t\t\t\t\t\t<div class=\"elementor-icon-box-content\">\n\n\t\t\t\t\t\t\t\t\t<p class=\"elementor-icon-box-title\">\n\t\t\t\t\t\t<a href=\"tel:0651104827\" >\n\t\t\t\t\t\t\tT\u00e9l\u00e9phone\t\t\t\t\t\t<\/a>\n\t\t\t\t\t<\/p>\n\t\t\t\t\n\t\t\t\t\t\t\t\t\t<p class=\"elementor-icon-box-description\">\n\t\t\t\t\t\t06 51 10 48 27\t\t\t\t\t<\/p>\n\t\t\t\t\n\t\t\t<\/div>\n\t\t\t\n\t\t<\/div>\n\t\t\t\t\t\t<\/div>\n\t\t\t\t<\/div>\n\t\t\t\t\t<\/div>\n\t\t<\/div>\n\t\t\t\t\t<\/div>\n\t\t<\/section>\n\t\t\t\t<div class=\"elementor-element elementor-element-ddfa8bb elementor-widget elementor-widget-spacer\" data-id=\"ddfa8bb\" data-element_type=\"widget\" data-widget_type=\"spacer.default\">\n\t\t\t\t<div class=\"elementor-widget-container\">\n\t\t\t\t\t\t\t<div class=\"elementor-spacer\">\n\t\t\t<div class=\"elementor-spacer-inner\"><\/div>\n\t\t<\/div>\n\t\t\t\t\t\t<\/div>\n\t\t\t\t<\/div>\n\t\t\t\t<div class=\"elementor-element elementor-element-34dd83b elementor-widget elementor-widget-text-editor\" data-id=\"34dd83b\" data-element_type=\"widget\" data-widget_type=\"text-editor.default\">\n\t\t\t\t<div class=\"elementor-widget-container\">\n\t\t\t\t\t\t\t\t\t<p data-start=\"662\" data-end=\"778\"><strong data-start=\"665\" data-end=\"719\">&gt; Intervention dans le Val d&rsquo;Oise<\/strong><\/p><p data-start=\"662\" data-end=\"778\"><strong>&gt;<\/strong> <strong data-start=\"725\" data-end=\"776\">Prestations ponctuelles ou contrats d\u2019entretien<\/strong><\/p><p data-start=\"780\" data-end=\"862\" data-is-last-node=\"\" data-is-only-node=\"\"><strong data-start=\"780\" data-end=\"858\">Confiez votre jardin \u00e0 des experts et profitez d\u2019un ext\u00e9rieur impeccable !<\/strong> \u2728<\/p>\t\t\t\t\t\t\t\t<\/div>\n\t\t\t\t<\/div>\n\t\t\t\t\t<\/div>\n\t\t<\/div>\n\t\t\t\t\t<\/div>\n\t\t<\/section>\n\t\t\t\t<\/div>\n\t\t","protected":false},"excerpt":{"rendered":"<p>FORMULAIRE DE CONTACT Coordonn\u00e9es La main verte 16 grande rue, 95 000 ?? Email contact@xxxxxx.com T\u00e9l\u00e9phone 06 51 10 48 27 &gt; Intervention dans le Val d&rsquo;Oise &gt; Prestations ponctuelles ou contrats d\u2019entretien Confiez votre jardin \u00e0 des experts et profitez d\u2019un ext\u00e9rieur impeccable ! \u2728<\/p>\n","protected":false},"author":1,"featured_media":0,"parent":0,"menu_order":0,"comment_status":"closed","ping_status":"closed","template":"elementor_header_footer","meta":{"footnotes":""},"class_list":["post-153","page","type-page","status-publish","hentry"],"yoast_head":"<!-- This site is optimized with the Yoast SEO plugin v24.8.1 - https:\/\/yoast.com\/wordpress\/plugins\/seo\/ -->\n<title>Contact - La Main verte<\/title>\n<meta name=\"robots\" content=\"noindex, follow, max-snippet:-1, max-image-preview:large, max-video-preview:-1\" \/>\n<meta property=\"og:locale\" content=\"fr_FR\" \/>\n<meta property=\"og:type\" content=\"article\" \/>\n<meta property=\"og:title\" content=\"Contact - La Main verte\" \/>\n<meta property=\"og:description\" content=\"FORMULAIRE DE CONTACT Coordonn\u00e9es La main verte 16 grande rue, 95 000 ?? Email contact@xxxxxx.com T\u00e9l\u00e9phone 06 51 10 48 27 &gt; Intervention dans le Val d&rsquo;Oise &gt; Prestations ponctuelles ou contrats d\u2019entretien Confiez votre jardin \u00e0 des experts et profitez d\u2019un ext\u00e9rieur impeccable ! \u2728\" \/>\n<meta property=\"og:url\" content=\"https:\/\/production-nethys.fr\/proclean\/contact\/\" \/>\n<meta property=\"og:site_name\" content=\"La Main verte\" \/>\n<meta property=\"article:modified_time\" content=\"2025-04-14T15:12:10+00:00\" \/>\n<meta name=\"twitter:card\" content=\"summary_large_image\" \/>\n<script type=\"application\/ld+json\" class=\"yoast-schema-graph\">{\"@context\":\"https:\/\/schema.org\",\"@graph\":[{\"@type\":\"WebPage\",\"@id\":\"https:\/\/production-nethys.fr\/proclean\/contact\/\",\"url\":\"https:\/\/production-nethys.fr\/proclean\/contact\/\",\"name\":\"Contact - La Main verte\",\"isPartOf\":{\"@id\":\"https:\/\/production-nethys.fr\/proclean\/#website\"},\"datePublished\":\"2025-02-06T23:13:13+00:00\",\"dateModified\":\"2025-04-14T15:12:10+00:00\",\"breadcrumb\":{\"@id\":\"https:\/\/production-nethys.fr\/proclean\/contact\/#breadcrumb\"},\"inLanguage\":\"fr-FR\",\"potentialAction\":[{\"@type\":\"ReadAction\",\"target\":[\"https:\/\/production-nethys.fr\/proclean\/contact\/\"]}]},{\"@type\":\"BreadcrumbList\",\"@id\":\"https:\/\/production-nethys.fr\/proclean\/contact\/#breadcrumb\",\"itemListElement\":[{\"@type\":\"ListItem\",\"position\":1,\"name\":\"Accueil\",\"item\":\"https:\/\/production-nethys.fr\/proclean\/\"},{\"@type\":\"ListItem\",\"position\":2,\"name\":\"Contact\"}]},{\"@type\":\"WebSite\",\"@id\":\"https:\/\/production-nethys.fr\/proclean\/#website\",\"url\":\"https:\/\/production-nethys.fr\/proclean\/\",\"name\":\"La Main verte\",\"description\":\"Jardinier paysagiste Val d&#039;Oise 95\",\"publisher\":{\"@id\":\"https:\/\/production-nethys.fr\/proclean\/#organization\"},\"potentialAction\":[{\"@type\":\"SearchAction\",\"target\":{\"@type\":\"EntryPoint\",\"urlTemplate\":\"https:\/\/production-nethys.fr\/proclean\/?s={search_term_string}\"},\"query-input\":{\"@type\":\"PropertyValueSpecification\",\"valueRequired\":true,\"valueName\":\"search_term_string\"}}],\"inLanguage\":\"fr-FR\"},{\"@type\":\"Organization\",\"@id\":\"https:\/\/production-nethys.fr\/proclean\/#organization\",\"name\":\"La Main verte\",\"url\":\"https:\/\/production-nethys.fr\/proclean\/\",\"logo\":{\"@type\":\"ImageObject\",\"inLanguage\":\"fr-FR\",\"@id\":\"https:\/\/production-nethys.fr\/proclean\/#\/schema\/logo\/image\/\",\"url\":\"https:\/\/production-nethys.fr\/proclean\/wp-content\/uploads\/2025\/02\/LAMAINVERTE-LOGO-e1744642996520.png\",\"contentUrl\":\"https:\/\/production-nethys.fr\/proclean\/wp-content\/uploads\/2025\/02\/LAMAINVERTE-LOGO-e1744642996520.png\",\"width\":512,\"height\":332,\"caption\":\"La Main verte\"},\"image\":{\"@id\":\"https:\/\/production-nethys.fr\/proclean\/#\/schema\/logo\/image\/\"}}]}<\/script>\n<!-- \/ Yoast SEO plugin. -->","yoast_head_json":{"title":"Contact - La Main verte","robots":{"index":"noindex","follow":"follow","max-snippet":"max-snippet:-1","max-image-preview":"max-image-preview:large","max-video-preview":"max-video-preview:-1"},"og_locale":"fr_FR","og_type":"article","og_title":"Contact - La Main verte","og_description":"FORMULAIRE DE CONTACT Coordonn\u00e9es La main verte 16 grande rue, 95 000 ?? Email contact@xxxxxx.com T\u00e9l\u00e9phone 06 51 10 48 27 &gt; Intervention dans le Val d&rsquo;Oise &gt; Prestations ponctuelles ou contrats d\u2019entretien Confiez votre jardin \u00e0 des experts et profitez d\u2019un ext\u00e9rieur impeccable ! \u2728","og_url":"https:\/\/production-nethys.fr\/proclean\/contact\/","og_site_name":"La Main verte","article_modified_time":"2025-04-14T15:12:10+00:00","twitter_card":"summary_large_image","schema":{"@context":"https:\/\/schema.org","@graph":[{"@type":"WebPage","@id":"https:\/\/production-nethys.fr\/proclean\/contact\/","url":"https:\/\/production-nethys.fr\/proclean\/contact\/","name":"Contact - La Main verte","isPartOf":{"@id":"https:\/\/production-nethys.fr\/proclean\/#website"},"datePublished":"2025-02-06T23:13:13+00:00","dateModified":"2025-04-14T15:12:10+00:00","breadcrumb":{"@id":"https:\/\/production-nethys.fr\/proclean\/contact\/#breadcrumb"},"inLanguage":"fr-FR","potentialAction":[{"@type":"ReadAction","target":["https:\/\/production-nethys.fr\/proclean\/contact\/"]}]},{"@type":"BreadcrumbList","@id":"https:\/\/production-nethys.fr\/proclean\/contact\/#breadcrumb","itemListElement":[{"@type":"ListItem","position":1,"name":"Accueil","item":"https:\/\/production-nethys.fr\/proclean\/"},{"@type":"ListItem","position":2,"name":"Contact"}]},{"@type":"WebSite","@id":"https:\/\/production-nethys.fr\/proclean\/#website","url":"https:\/\/production-nethys.fr\/proclean\/","name":"La Main verte","description":"Jardinier paysagiste Val d&#039;Oise 95","publisher":{"@id":"https:\/\/production-nethys.fr\/proclean\/#organization"},"potentialAction":[{"@type":"SearchAction","target":{"@type":"EntryPoint","urlTemplate":"https:\/\/production-nethys.fr\/proclean\/?s={search_term_string}"},"query-input":{"@type":"PropertyValueSpecification","valueRequired":true,"valueName":"search_term_string"}}],"inLanguage":"fr-FR"},{"@type":"Organization","@id":"https:\/\/production-nethys.fr\/proclean\/#organization","name":"La Main verte","url":"https:\/\/production-nethys.fr\/proclean\/","logo":{"@type":"ImageObject","inLanguage":"fr-FR","@id":"https:\/\/production-nethys.fr\/proclean\/#\/schema\/logo\/image\/","url":"https:\/\/production-nethys.fr\/proclean\/wp-content\/uploads\/2025\/02\/LAMAINVERTE-LOGO-e1744642996520.png","contentUrl":"https:\/\/production-nethys.fr\/proclean\/wp-content\/uploads\/2025\/02\/LAMAINVERTE-LOGO-e1744642996520.png","width":512,"height":332,"caption":"La Main verte"},"image":{"@id":"https:\/\/production-nethys.fr\/proclean\/#\/schema\/logo\/image\/"}}]}},"_links":{"self":[{"href":"https:\/\/production-nethys.fr\/proclean\/wp-json\/wp\/v2\/pages\/153","targetHints":{"allow":["GET"]}}],"collection":[{"href":"https:\/\/production-nethys.fr\/proclean\/wp-json\/wp\/v2\/pages"}],"about":[{"href":"https:\/\/production-nethys.fr\/proclean\/wp-json\/wp\/v2\/types\/page"}],"author":[{"embeddable":true,"href":"https:\/\/production-nethys.fr\/proclean\/wp-json\/wp\/v2\/users\/1"}],"replies":[{"embeddable":true,"href":"https:\/\/production-nethys.fr\/proclean\/wp-json\/wp\/v2\/comments?post=153"}],"version-history":[{"count":46,"href":"https:\/\/production-nethys.fr\/proclean\/wp-json\/wp\/v2\/pages\/153\/revisions"}],"predecessor-version":[{"id":1251,"href":"https:\/\/production-nethys.fr\/proclean\/wp-json\/wp\/v2\/pages\/153\/revisions\/1251"}],"wp:attachment":[{"href":"https:\/\/production-nethys.fr\/proclean\/wp-json\/wp\/v2\/media?parent=153"}],"curies":[{"name":"wp","href":"https:\/\/api.w.org\/{rel}","templated":true}]}}