{"id":910,"date":"2025-02-17T18:17:32","date_gmt":"2025-02-17T17:17:32","guid":{"rendered":"https:\/\/production-nethys.fr\/clean2\/?page_id=910"},"modified":"2025-02-17T22:47:04","modified_gmt":"2025-02-17T21:47:04","slug":"avantages-fiscaux","status":"publish","type":"page","link":"https:\/\/production-nethys.fr\/clean2\/avantages-fiscaux\/","title":{"rendered":"Avantages Fiscaux"},"content":{"rendered":"\t\t<div data-elementor-type=\"wp-page\" data-elementor-id=\"910\" class=\"elementor elementor-910\" data-elementor-post-type=\"page\">\n\t\t\t\t\t\t<section class=\"elementor-section elementor-top-section elementor-element elementor-element-bf38b4e elementor-section-full_width elementor-section-height-min-height elementor-section-items-stretch elementor-section-height-default\" data-id=\"bf38b4e\" data-element_type=\"section\" data-settings=\"{&quot;background_background&quot;:&quot;classic&quot;}\">\n\t\t\t\t\t\t\t<div class=\"elementor-background-overlay\"><\/div>\n\t\t\t\t\t\t\t<div class=\"elementor-container elementor-column-gap-no\">\n\t\t\t\t\t<div class=\"elementor-column elementor-col-100 elementor-top-column elementor-element elementor-element-7f22973\" data-id=\"7f22973\" data-element_type=\"column\">\n\t\t\t<div class=\"elementor-widget-wrap elementor-element-populated\">\n\t\t\t\t\t\t<section class=\"elementor-section elementor-inner-section elementor-element elementor-element-4a58a32 elementor-section-height-min-height elementor-section-content-bottom elementor-section-full_width elementor-section-height-default\" data-id=\"4a58a32\" data-element_type=\"section\">\n\t\t\t\t\t\t<div class=\"elementor-container elementor-column-gap-no\">\n\t\t\t\t\t<div class=\"elementor-column elementor-col-33 elementor-inner-column elementor-element elementor-element-37a82c2 elementor-hidden-tablet elementor-hidden-mobile_extra elementor-hidden-mobile\" data-id=\"37a82c2\" data-element_type=\"column\">\n\t\t\t<div class=\"elementor-widget-wrap\">\n\t\t\t\t\t\t\t<\/div>\n\t\t<\/div>\n\t\t\t\t<div class=\"elementor-column elementor-col-33 elementor-inner-column elementor-element elementor-element-85a3766\" data-id=\"85a3766\" data-element_type=\"column\">\n\t\t\t<div class=\"elementor-widget-wrap elementor-element-populated\">\n\t\t\t\t\t\t<div class=\"elementor-element elementor-element-310ac92 elementor-widget elementor-widget-heading\" data-id=\"310ac92\" data-element_type=\"widget\" data-widget_type=\"heading.default\">\n\t\t\t\t<div class=\"elementor-widget-container\">\n\t\t\t\t\t<h1 class=\"elementor-heading-title elementor-size-default\">Avantages fiscaux<\/h1>\t\t\t\t<\/div>\n\t\t\t\t<\/div>\n\t\t\t\t<div class=\"elementor-element elementor-element-9c32055 elementor-widget__width-auto elementor-absolute elementor-hidden-mobile elementor-invisible elementor-widget elementor-widget-image\" data-id=\"9c32055\" data-element_type=\"widget\" data-settings=\"{&quot;_position&quot;:&quot;absolute&quot;,&quot;motion_fx_motion_fx_scrolling&quot;:&quot;yes&quot;,&quot;motion_fx_translateY_effect&quot;:&quot;yes&quot;,&quot;motion_fx_translateY_speed&quot;:{&quot;unit&quot;:&quot;px&quot;,&quot;size&quot;:0.4,&quot;sizes&quot;:[]},&quot;motion_fx_motion_fx_mouse&quot;:&quot;yes&quot;,&quot;_animation&quot;:&quot;zoomIn&quot;,&quot;motion_fx_translateY_affectedRange&quot;:{&quot;unit&quot;:&quot;%&quot;,&quot;size&quot;:&quot;&quot;,&quot;sizes&quot;:{&quot;start&quot;:0,&quot;end&quot;:100}},&quot;motion_fx_devices&quot;:[&quot;desktop&quot;,&quot;laptop&quot;,&quot;tablet&quot;,&quot;mobile_extra&quot;,&quot;mobile&quot;]}\" data-widget_type=\"image.default\">\n\t\t\t\t<div class=\"elementor-widget-container\">\n\t\t\t\t\t\t\t\t\t\t\t\t\t\t\t<img decoding=\"async\" width=\"85\" height=\"58\" src=\"https:\/\/production-nethys.fr\/clean2\/wp-content\/uploads\/2023\/04\/hero-large-leaf-1.png\" class=\"attachment-full size-full wp-image-187\" alt=\"\" \/>\t\t\t\t\t\t\t\t\t\t\t\t\t\t\t<\/div>\n\t\t\t\t<\/div>\n\t\t\t\t\t<\/div>\n\t\t<\/div>\n\t\t\t\t<div class=\"elementor-column elementor-col-33 elementor-inner-column elementor-element elementor-element-de8149e\" data-id=\"de8149e\" data-element_type=\"column\">\n\t\t\t<div class=\"elementor-widget-wrap\">\n\t\t\t\t\t\t\t<\/div>\n\t\t<\/div>\n\t\t\t\t\t<\/div>\n\t\t<\/section>\n\t\t\t\t<div class=\"elementor-element elementor-element-543eb31 elementor-widget__width-auto elementor-absolute elementor-hidden-tablet elementor-widget-mobile__width-initial elementor-hidden-mobile_extra elementor-hidden-mobile elementor-invisible elementor-widget elementor-widget-image\" data-id=\"543eb31\" data-element_type=\"widget\" data-settings=\"{&quot;_position&quot;:&quot;absolute&quot;,&quot;motion_fx_motion_fx_scrolling&quot;:&quot;yes&quot;,&quot;motion_fx_translateY_effect&quot;:&quot;yes&quot;,&quot;motion_fx_translateY_speed&quot;:{&quot;unit&quot;:&quot;px&quot;,&quot;size&quot;:1,&quot;sizes&quot;:[]},&quot;motion_fx_motion_fx_mouse&quot;:&quot;yes&quot;,&quot;_animation&quot;:&quot;zoomIn&quot;,&quot;motion_fx_translateY_affectedRange&quot;:{&quot;unit&quot;:&quot;%&quot;,&quot;size&quot;:&quot;&quot;,&quot;sizes&quot;:{&quot;start&quot;:0,&quot;end&quot;:100}},&quot;motion_fx_devices&quot;:[&quot;desktop&quot;,&quot;laptop&quot;,&quot;tablet&quot;,&quot;mobile_extra&quot;,&quot;mobile&quot;]}\" data-widget_type=\"image.default\">\n\t\t\t\t<div class=\"elementor-widget-container\">\n\t\t\t\t\t\t\t\t\t\t\t\t\t\t\t<img decoding=\"async\" src=\"https:\/\/production-nethys.fr\/clean2\/wp-content\/uploads\/2023\/04\/sub-banner-top-left-bubble.png\" class=\"attachment-full size-full wp-image-21\" alt=\"\" \/>\t\t\t\t\t\t\t\t\t\t\t\t\t\t\t<\/div>\n\t\t\t\t<\/div>\n\t\t\t\t<div class=\"elementor-element elementor-element-5d40d49 elementor-widget__width-auto elementor-absolute elementor-hidden-laptop elementor-hidden-tablet elementor-hidden-mobile elementor-hidden-mobile_extra elementor-invisible elementor-widget elementor-widget-image\" data-id=\"5d40d49\" data-element_type=\"widget\" data-settings=\"{&quot;_position&quot;:&quot;absolute&quot;,&quot;motion_fx_motion_fx_scrolling&quot;:&quot;yes&quot;,&quot;motion_fx_translateY_effect&quot;:&quot;yes&quot;,&quot;motion_fx_translateY_speed&quot;:{&quot;unit&quot;:&quot;px&quot;,&quot;size&quot;:0.4,&quot;sizes&quot;:[]},&quot;motion_fx_motion_fx_mouse&quot;:&quot;yes&quot;,&quot;_animation&quot;:&quot;zoomIn&quot;,&quot;motion_fx_translateY_affectedRange&quot;:{&quot;unit&quot;:&quot;%&quot;,&quot;size&quot;:&quot;&quot;,&quot;sizes&quot;:{&quot;start&quot;:0,&quot;end&quot;:100}},&quot;motion_fx_devices&quot;:[&quot;desktop&quot;,&quot;laptop&quot;,&quot;tablet&quot;,&quot;mobile_extra&quot;,&quot;mobile&quot;]}\" data-widget_type=\"image.default\">\n\t\t\t\t<div class=\"elementor-widget-container\">\n\t\t\t\t\t\t\t\t\t\t\t\t\t\t\t<img decoding=\"async\" src=\"https:\/\/production-nethys.fr\/clean2\/wp-content\/uploads\/2023\/04\/hero-small-leaf.png\" class=\"attachment-full size-full wp-image-15\" alt=\"\" \/>\t\t\t\t\t\t\t\t\t\t\t\t\t\t\t<\/div>\n\t\t\t\t<\/div>\n\t\t\t\t<div class=\"elementor-element elementor-element-9465512 elementor-widget__width-auto elementor-absolute elementor-hidden-mobile elementor-invisible elementor-widget elementor-widget-image\" data-id=\"9465512\" data-element_type=\"widget\" data-settings=\"{&quot;_position&quot;:&quot;absolute&quot;,&quot;motion_fx_motion_fx_mouse&quot;:&quot;yes&quot;,&quot;_animation&quot;:&quot;fadeIn&quot;}\" data-widget_type=\"image.default\">\n\t\t\t\t<div class=\"elementor-widget-container\">\n\t\t\t\t\t\t\t\t\t\t\t\t\t\t\t<img decoding=\"async\" src=\"https:\/\/production-nethys.fr\/clean2\/wp-content\/uploads\/2023\/04\/sub-banner-dots.png\" class=\"attachment-full size-full wp-image-26\" alt=\"\" \/>\t\t\t\t\t\t\t\t\t\t\t\t\t\t\t<\/div>\n\t\t\t\t<\/div>\n\t\t\t\t\t<\/div>\n\t\t<\/div>\n\t\t\t\t\t<\/div>\n\t\t<\/section>\n\t\t\t\t<section class=\"elementor-section elementor-top-section elementor-element elementor-element-4a2d1a1 elementor-section-boxed elementor-section-height-default elementor-section-height-default\" data-id=\"4a2d1a1\" data-element_type=\"section\">\n\t\t\t\t\t\t<div class=\"elementor-container elementor-column-gap-default\">\n\t\t\t\t\t<div class=\"elementor-column elementor-col-100 elementor-top-column elementor-element elementor-element-9ca09f4\" data-id=\"9ca09f4\" data-element_type=\"column\">\n\t\t\t<div class=\"elementor-widget-wrap elementor-element-populated\">\n\t\t\t\t\t\t<div class=\"elementor-element elementor-element-caa9f23 elementor-widget elementor-widget-spacer\" data-id=\"caa9f23\" data-element_type=\"widget\" data-widget_type=\"spacer.default\">\n\t\t\t\t<div class=\"elementor-widget-container\">\n\t\t\t\t\t\t\t<div class=\"elementor-spacer\">\n\t\t\t<div class=\"elementor-spacer-inner\"><\/div>\n\t\t<\/div>\n\t\t\t\t\t\t<\/div>\n\t\t\t\t<\/div>\n\t\t\t\t<div class=\"elementor-element elementor-element-31b0615 elementor-widget elementor-widget-text-editor\" data-id=\"31b0615\" data-element_type=\"widget\" data-widget_type=\"text-editor.default\">\n\t\t\t\t<div class=\"elementor-widget-container\">\n\t\t\t\t\t\t\t\t\t<h2 data-start=\"0\" data-end=\"71\">R\u00e9duction d\u2019Imp\u00f4t pour le M\u00e9nage \u00e0 Domicile<\/h2><p data-start=\"73\" data-end=\"319\">Faire appel \u00e0 <strong data-start=\"87\" data-end=\"108\">\u00c7a Sent Le Propre<\/strong> pour votre m\u00e9nage \u00e0 domicile \u00e0 <strong data-start=\"140\" data-end=\"180\">Croissy-sur-Seine et dans tout le 78<\/strong>, c\u2019est non seulement profiter d\u2019un service de qualit\u00e9, mais aussi b\u00e9n\u00e9ficier d\u2019<strong data-start=\"260\" data-end=\"292\">avantages fiscaux attractifs<\/strong> gr\u00e2ce au cr\u00e9dit d\u2019imp\u00f4t.<\/p><p data-start=\"321\" data-end=\"519\">En tant que service \u00e0 la personne, le <strong data-start=\"359\" data-end=\"380\">m\u00e9nage \u00e0 domicile<\/strong> est \u00e9ligible \u00e0 un <strong data-start=\"399\" data-end=\"425\">cr\u00e9dit d\u2019imp\u00f4t de 50 %<\/strong> sur les sommes engag\u00e9es, vous permettant ainsi de r\u00e9duire consid\u00e9rablement votre co\u00fbt r\u00e9el.<\/p><p data-start=\"321\" data-end=\"519\">\u00a0<\/p><p data-start=\"321\" data-end=\"519\"><img fetchpriority=\"high\" decoding=\"async\" class=\"size-large wp-image-938 aligncenter\" src=\"http:\/\/production-nethys.fr\/clean2\/wp-content\/uploads\/2025\/02\/avance-impots-1024x703.png\" alt=\"\" width=\"800\" height=\"549\" srcset=\"https:\/\/production-nethys.fr\/clean2\/wp-content\/uploads\/2025\/02\/avance-impots-1024x703.png 1024w, https:\/\/production-nethys.fr\/clean2\/wp-content\/uploads\/2025\/02\/avance-impots-300x206.png 300w, https:\/\/production-nethys.fr\/clean2\/wp-content\/uploads\/2025\/02\/avance-impots-768x527.png 768w, https:\/\/production-nethys.fr\/clean2\/wp-content\/uploads\/2025\/02\/avance-impots-1536x1054.png 1536w, https:\/\/production-nethys.fr\/clean2\/wp-content\/uploads\/2025\/02\/avance-impots-2048x1405.png 2048w\" sizes=\"(max-width: 800px) 100vw, 800px\" \/><\/p><h2 data-start=\"526\" data-end=\"574\">Le cr\u00e9dit d\u2019imp\u00f4t : Comment \u00e7a marche ?<\/h2><p data-start=\"576\" data-end=\"733\">Le cr\u00e9dit d\u2019imp\u00f4t pour l\u2019emploi d\u2019un service \u00e0 domicile permet aux particuliers de <strong data-start=\"659\" data-end=\"699\">r\u00e9cup\u00e9rer 50 % des d\u00e9penses engag\u00e9es<\/strong> pour les prestations de m\u00e9nage.<\/p><p data-start=\"735\" data-end=\"761\">\ud83d\udcb0 <strong data-start=\"738\" data-end=\"757\">Exemple concret<\/strong> :<\/p><ul data-start=\"762\" data-end=\"940\"><li data-start=\"762\" data-end=\"825\">Vous d\u00e9pensez <strong data-start=\"778\" data-end=\"789\">2 000 \u20ac<\/strong> par an pour du m\u00e9nage \u00e0 domicile.<\/li><li data-start=\"826\" data-end=\"940\">Vous b\u00e9n\u00e9ficiez d\u2019un <strong data-start=\"849\" data-end=\"878\">cr\u00e9dit d\u2019imp\u00f4t de 1 000 \u20ac<\/strong>, soit <strong data-start=\"885\" data-end=\"937\">une r\u00e9duction de moiti\u00e9 sur votre facture r\u00e9elle<\/strong>.<\/li><\/ul><p data-start=\"942\" data-end=\"1142\">Ce dispositif s\u2019applique dans la <strong data-start=\"975\" data-end=\"1019\">limite de 12 000 \u20ac de d\u00e9penses annuelles<\/strong>, avec des majorations possibles selon votre situation (pr\u00e9sence d\u2019enfants, personnes \u00e2g\u00e9es ou en situation de handicap).<\/p><h2 data-start=\"1149\" data-end=\"1231\">L\u2019Avance Imm\u00e9diate de Cr\u00e9dit d\u2019Imp\u00f4t :<\/h2><h2 data-start=\"1149\" data-end=\"1231\"><span style=\"color: #33cccc;\">Payez seulement 50 % d\u00e8s le d\u00e9part<\/span><\/h2><p data-start=\"1233\" data-end=\"1409\">Depuis 2022, gr\u00e2ce au dispositif d\u2019<strong data-start=\"1268\" data-end=\"1306\">Avance Imm\u00e9diate de Cr\u00e9dit d\u2019Imp\u00f4t<\/strong>, vous n\u2019avez <strong data-start=\"1320\" data-end=\"1363\">plus besoin d\u2019attendre l\u2019ann\u00e9e suivante<\/strong> pour b\u00e9n\u00e9ficier de votre r\u00e9duction fiscale.<\/p><p data-start=\"1411\" data-end=\"1731\">\ud83d\udd39 <strong data-start=\"1414\" data-end=\"1438\">Sans avance de frais<\/strong> : Vous ne payez que <strong data-start=\"1459\" data-end=\"1483\">50 % du montant r\u00e9el<\/strong> de la prestation.<br data-start=\"1501\" data-end=\"1504\" \/>\ud83d\udd39 <strong data-start=\"1507\" data-end=\"1545\">Un service simple et d\u00e9mat\u00e9rialis\u00e9<\/strong> : Mis en place par l\u2019<strong data-start=\"1567\" data-end=\"1577\">Urssaf<\/strong> et la <strong data-start=\"1584\" data-end=\"1629\">Direction G\u00e9n\u00e9rale des Finances Publiques<\/strong>.<br data-start=\"1630\" data-end=\"1633\" \/>\ud83d\udd39 <strong data-start=\"1636\" data-end=\"1650\">Facultatif<\/strong> : Vous pouvez choisir d\u2019en b\u00e9n\u00e9ficier ou de conserver le dispositif classique.<\/p><p data-start=\"1733\" data-end=\"1775\">\ud83d\udca1 <strong data-start=\"1736\" data-end=\"1771\">Exemple avec l\u2019Avance Imm\u00e9diate<\/strong> :<\/p><ul data-start=\"1776\" data-end=\"1950\"><li data-start=\"1776\" data-end=\"1870\">Au lieu de payer <strong data-start=\"1795\" data-end=\"1824\">100 \u20ac pour une prestation<\/strong>, vous ne r\u00e9glez que <strong data-start=\"1845\" data-end=\"1867\">50 \u20ac imm\u00e9diatement<\/strong>.<\/li><li data-start=\"1871\" data-end=\"1950\">Plus besoin d\u2019attendre l\u2019ann\u00e9e suivante pour obtenir votre cr\u00e9dit d\u2019imp\u00f4t !<\/li><\/ul><h2 data-start=\"1957\" data-end=\"2012\">Qui peut b\u00e9n\u00e9ficier de ces avantages fiscaux ?<\/h2><p data-start=\"2014\" data-end=\"2361\">\ud83c\udfaf <strong data-start=\"2017\" data-end=\"2063\">Tous les particuliers domicili\u00e9s en France<\/strong> ayant recours \u00e0 un service de m\u00e9nage \u00e0 domicile.<br data-start=\"2112\" data-end=\"2115\" \/>\ud83c\udfaf <strong data-start=\"2118\" data-end=\"2163\">Les personnes actives comme les retrait\u00e9s<\/strong>, imposables ou non imposables (dans ce cas, le cr\u00e9dit d\u2019imp\u00f4t est rembours\u00e9).<br data-start=\"2241\" data-end=\"2244\" \/>\ud83c\udfaf <strong data-start=\"2247\" data-end=\"2301\">Les familles et les personnes en perte d\u2019autonomie<\/strong>, avec des plafonds ajust\u00e9s en fonction de leur situation.<\/p><p data-start=\"2363\" data-end=\"2556\">Seules exceptions : les b\u00e9n\u00e9ficiaires de l\u2019<strong data-start=\"2406\" data-end=\"2452\">APA (Allocation Personnalis\u00e9e d\u2019Autonomie)<\/strong> ou de la <strong data-start=\"2462\" data-end=\"2510\">PCH (Prestation de Compensation du Handicap)<\/strong> ne sont pas \u00e9ligibles \u00e0 l\u2019Avance Imm\u00e9diate.<\/p><h2 data-start=\"2563\" data-end=\"2637\">Pourquoi nous choisir pour vos services \u00e0 domicile ?<\/h2><p data-start=\"2639\" data-end=\"2930\">\u2705 <strong data-start=\"2641\" data-end=\"2702\">Un service de qualit\u00e9 avec des \u00e9quipements professionnels<\/strong><br data-start=\"2702\" data-end=\"2705\" \/>\u2705 <strong data-start=\"2707\" data-end=\"2784\">Une prise en charge administrative simplifi\u00e9e pour vos d\u00e9marches fiscales<\/strong><br data-start=\"2784\" data-end=\"2787\" \/>\u2705 <strong data-start=\"2789\" data-end=\"2840\">Un co\u00fbt divis\u00e9 par deux gr\u00e2ce au cr\u00e9dit d\u2019imp\u00f4t<\/strong><br data-start=\"2840\" data-end=\"2843\" \/>\u2705 <strong data-start=\"2845\" data-end=\"2928\">L\u2019option Avance Imm\u00e9diate pour ne payer que 50 % de votre facture d\u00e8s le d\u00e9part<\/strong><\/p><p data-start=\"2932\" data-end=\"3103\">Nous vous accompagnons dans la <strong data-start=\"2963\" data-end=\"2998\">mise en place du cr\u00e9dit d\u2019imp\u00f4t<\/strong> et r\u00e9pondons \u00e0 toutes vos questions pour vous permettre de profiter pleinement de cet avantage fiscal.<\/p><h2 data-start=\"3110\" data-end=\"3173\">Besoin d\u2019un m\u00e9nage \u00e0 domicile avec r\u00e9duction fiscale ?<\/h2><p data-start=\"3175\" data-end=\"3307\">\ud83d\udcde <strong data-start=\"3178\" data-end=\"3212\">Contactez-nous d\u00e8s aujourd\u2019hui<\/strong> pour un devis gratuit et b\u00e9n\u00e9ficiez de <strong data-start=\"3252\" data-end=\"3303\">50 % de r\u00e9duction sur vos prestations de m\u00e9nage<\/strong> !<\/p><p data-start=\"3309\" data-end=\"3384\">\ud83d\udccd <strong data-start=\"3312\" data-end=\"3335\">Zone d\u2019intervention<\/strong> : Croissy-sur-Seine et toutes les villes du 78<\/p>\t\t\t\t\t\t\t\t<\/div>\n\t\t\t\t<\/div>\n\t\t\t\t<div class=\"elementor-element elementor-element-34b2da7 elementor-align-center elementor-widget elementor-widget-button\" data-id=\"34b2da7\" data-element_type=\"widget\" data-widget_type=\"button.default\">\n\t\t\t\t<div class=\"elementor-widget-container\">\n\t\t\t\t\t\t\t\t\t<div class=\"elementor-button-wrapper\">\n\t\t\t\t\t<a class=\"elementor-button elementor-button-link elementor-size-sm\" href=\"https:\/\/production-nethys.fr\/clean2\/contact\/\">\n\t\t\t\t\t\t<span class=\"elementor-button-content-wrapper\">\n\t\t\t\t\t\t\t\t\t<span class=\"elementor-button-text\">Demandez votre devis gratuit !<\/span>\n\t\t\t\t\t<\/span>\n\t\t\t\t\t<\/a>\n\t\t\t\t<\/div>\n\t\t\t\t\t\t\t\t<\/div>\n\t\t\t\t<\/div>\n\t\t\t\t<div class=\"elementor-element elementor-element-c37c8d9 elementor-widget elementor-widget-spacer\" data-id=\"c37c8d9\" data-element_type=\"widget\" data-widget_type=\"spacer.default\">\n\t\t\t\t<div class=\"elementor-widget-container\">\n\t\t\t\t\t\t\t<div class=\"elementor-spacer\">\n\t\t\t<div class=\"elementor-spacer-inner\"><\/div>\n\t\t<\/div>\n\t\t\t\t\t\t<\/div>\n\t\t\t\t<\/div>\n\t\t\t\t\t<\/div>\n\t\t<\/div>\n\t\t\t\t\t<\/div>\n\t\t<\/section>\n\t\t\t\t<section class=\"elementor-section elementor-top-section elementor-element elementor-element-c091e21 elementor-section-full_width elementor-section-height-default elementor-section-height-default\" data-id=\"c091e21\" data-element_type=\"section\" data-settings=\"{&quot;background_background&quot;:&quot;classic&quot;}\">\n\t\t\t\t\t\t<div class=\"elementor-container elementor-column-gap-no\">\n\t\t\t\t\t<div class=\"elementor-column elementor-col-100 elementor-top-column elementor-element elementor-element-2795a488\" data-id=\"2795a488\" data-element_type=\"column\">\n\t\t\t<div class=\"elementor-widget-wrap elementor-element-populated\">\n\t\t\t\t\t\t<div class=\"elementor-element elementor-element-3617097b elementor-widget__width-auto elementor-absolute elementor-hidden-tablet elementor-hidden-mobile elementor-hidden-mobile_extra elementor-invisible elementor-widget elementor-widget-image\" data-id=\"3617097b\" data-element_type=\"widget\" data-settings=\"{&quot;_position&quot;:&quot;absolute&quot;,&quot;motion_fx_motion_fx_mouse&quot;:&quot;yes&quot;,&quot;_animation&quot;:&quot;fadeIn&quot;}\" data-widget_type=\"image.default\">\n\t\t\t\t<div class=\"elementor-widget-container\">\n\t\t\t\t\t\t\t\t\t\t\t\t\t\t\t<img decoding=\"async\" src=\"https:\/\/production-nethys.fr\/clean2\/wp-content\/uploads\/2023\/04\/team-right-dots.png\" class=\"attachment-full size-full wp-image-98\" alt=\"\" \/>\t\t\t\t\t\t\t\t\t\t\t\t\t\t\t<\/div>\n\t\t\t\t<\/div>\n\t\t\t\t<div class=\"elementor-element elementor-element-6b012b62 elementor-widget__width-auto elementor-absolute elementor-hidden-tablet elementor-hidden-mobile elementor-hidden-mobile_extra elementor-hidden-laptop elementor-invisible elementor-widget elementor-widget-image\" data-id=\"6b012b62\" data-element_type=\"widget\" data-settings=\"{&quot;_position&quot;:&quot;absolute&quot;,&quot;motion_fx_motion_fx_mouse&quot;:&quot;yes&quot;,&quot;_animation&quot;:&quot;fadeIn&quot;}\" data-widget_type=\"image.default\">\n\t\t\t\t<div class=\"elementor-widget-container\">\n\t\t\t\t\t\t\t\t\t\t\t\t\t\t\t<img decoding=\"async\" width=\"59\" height=\"40\" src=\"https:\/\/production-nethys.fr\/clean2\/wp-content\/uploads\/2023\/04\/contact-us-leaf-1.png\" class=\"attachment-full size-full wp-image-178\" alt=\"\" \/>\t\t\t\t\t\t\t\t\t\t\t\t\t\t\t<\/div>\n\t\t\t\t<\/div>\n\t\t\t\t\t<\/div>\n\t\t<\/div>\n\t\t\t\t\t<\/div>\n\t\t<\/section>\n\t\t\t\t<section class=\"elementor-section elementor-top-section elementor-element elementor-element-63cdd9b6 elementor-section-full_width elementor-section-height-default elementor-section-height-default\" data-id=\"63cdd9b6\" data-element_type=\"section\" data-settings=\"{&quot;background_background&quot;:&quot;classic&quot;}\">\n\t\t\t\t\t\t\t<div class=\"elementor-background-overlay\"><\/div>\n\t\t\t\t\t\t\t<div class=\"elementor-container elementor-column-gap-no\">\n\t\t\t\t\t<div class=\"elementor-column elementor-col-100 elementor-top-column elementor-element elementor-element-5d96d2d\" data-id=\"5d96d2d\" data-element_type=\"column\">\n\t\t\t<div class=\"elementor-widget-wrap elementor-element-populated\">\n\t\t\t\t\t\t<div class=\"elementor-element elementor-element-3b5cac76 elementor-widget__width-auto elementor-absolute elementor-hidden-tablet elementor-hidden-mobile elementor-hidden-mobile_extra elementor-invisible elementor-widget elementor-widget-image\" data-id=\"3b5cac76\" data-element_type=\"widget\" data-settings=\"{&quot;_position&quot;:&quot;absolute&quot;,&quot;motion_fx_motion_fx_mouse&quot;:&quot;yes&quot;,&quot;_animation&quot;:&quot;fadeIn&quot;}\" data-widget_type=\"image.default\">\n\t\t\t\t<div class=\"elementor-widget-container\">\n\t\t\t\t\t\t\t\t\t\t\t\t\t\t\t<img decoding=\"async\" src=\"https:\/\/production-nethys.fr\/clean2\/wp-content\/uploads\/2023\/04\/hero-bottom-left-dots.png\" class=\"attachment-full size-full wp-image-18\" alt=\"\" \/>\t\t\t\t\t\t\t\t\t\t\t\t\t\t\t<\/div>\n\t\t\t\t<\/div>\n\t\t\t\t<div class=\"elementor-element elementor-element-192e2fe0 elementor-widget__width-auto elementor-absolute elementor-hidden-tablet elementor-hidden-mobile elementor-hidden-mobile_extra elementor-invisible elementor-widget elementor-widget-image\" data-id=\"192e2fe0\" data-element_type=\"widget\" data-settings=\"{&quot;_position&quot;:&quot;absolute&quot;,&quot;motion_fx_motion_fx_mouse&quot;:&quot;yes&quot;,&quot;_animation&quot;:&quot;fadeIn&quot;}\" data-widget_type=\"image.default\">\n\t\t\t\t<div class=\"elementor-widget-container\">\n\t\t\t\t\t\t\t\t\t\t\t\t\t\t\t<img decoding=\"async\" src=\"https:\/\/production-nethys.fr\/clean2\/wp-content\/uploads\/2023\/04\/contact-us-right-bottm-dots.png\" class=\"attachment-full size-full wp-image-129\" alt=\"\" \/>\t\t\t\t\t\t\t\t\t\t\t\t\t\t\t<\/div>\n\t\t\t\t<\/div>\n\t\t\t\t\t<\/div>\n\t\t<\/div>\n\t\t\t\t\t<\/div>\n\t\t<\/section>\n\t\t\t\t<section class=\"elementor-section elementor-top-section elementor-element elementor-element-5b94af4b elementor-section-full_width elementor-section-height-default elementor-section-height-default\" data-id=\"5b94af4b\" data-element_type=\"section\" data-settings=\"{&quot;background_background&quot;:&quot;classic&quot;}\">\n\t\t\t\t\t\t<div class=\"elementor-container elementor-column-gap-no\">\n\t\t\t\t\t<div class=\"elementor-column elementor-col-100 elementor-top-column elementor-element elementor-element-57cbfbb4\" data-id=\"57cbfbb4\" data-element_type=\"column\">\n\t\t\t<div class=\"elementor-widget-wrap elementor-element-populated\">\n\t\t\t\t\t\t<div class=\"elementor-element elementor-element-7594fbab elementor-widget__width-auto elementor-absolute elementor-hidden-tablet elementor-hidden-mobile_extra elementor-hidden-mobile elementor-widget elementor-widget-image\" data-id=\"7594fbab\" data-element_type=\"widget\" data-settings=\"{&quot;_position&quot;:&quot;absolute&quot;}\" data-widget_type=\"image.default\">\n\t\t\t\t<div class=\"elementor-widget-container\">\n\t\t\t\t\t\t\t\t\t\t\t\t\t\t\t<img decoding=\"async\" src=\"https:\/\/production-nethys.fr\/clean2\/wp-content\/uploads\/2023\/04\/about-us-testimo-bubble.png\" class=\"attachment-full size-full wp-image-50\" alt=\"\" \/>\t\t\t\t\t\t\t\t\t\t\t\t\t\t\t<\/div>\n\t\t\t\t<\/div>\n\t\t\t\t\t<\/div>\n\t\t<\/div>\n\t\t\t\t\t<\/div>\n\t\t<\/section>\n\t\t\t\t<\/div>\n\t\t","protected":false},"excerpt":{"rendered":"<p>Avantages fiscaux R\u00e9duction d\u2019Imp\u00f4t pour le M\u00e9nage \u00e0 Domicile Faire appel \u00e0 \u00c7a Sent Le Propre pour votre m\u00e9nage \u00e0 domicile \u00e0 Croissy-sur-Seine et dans tout le 78, c\u2019est non seulement profiter d\u2019un service de qualit\u00e9, mais aussi b\u00e9n\u00e9ficier d\u2019avantages fiscaux attractifs gr\u00e2ce au cr\u00e9dit d\u2019imp\u00f4t. En tant que service \u00e0 la personne, le m\u00e9nage [&hellip;]<\/p>\n","protected":false},"author":1,"featured_media":0,"parent":0,"menu_order":0,"comment_status":"closed","ping_status":"closed","template":"elementor_header_footer","meta":{"footnotes":""},"class_list":["post-910","page","type-page","status-publish","hentry"],"_links":{"self":[{"href":"https:\/\/production-nethys.fr\/clean2\/wp-json\/wp\/v2\/pages\/910","targetHints":{"allow":["GET"]}}],"collection":[{"href":"https:\/\/production-nethys.fr\/clean2\/wp-json\/wp\/v2\/pages"}],"about":[{"href":"https:\/\/production-nethys.fr\/clean2\/wp-json\/wp\/v2\/types\/page"}],"author":[{"embeddable":true,"href":"https:\/\/production-nethys.fr\/clean2\/wp-json\/wp\/v2\/users\/1"}],"replies":[{"embeddable":true,"href":"https:\/\/production-nethys.fr\/clean2\/wp-json\/wp\/v2\/comments?post=910"}],"version-history":[{"count":58,"href":"https:\/\/production-nethys.fr\/clean2\/wp-json\/wp\/v2\/pages\/910\/revisions"}],"predecessor-version":[{"id":1269,"href":"https:\/\/production-nethys.fr\/clean2\/wp-json\/wp\/v2\/pages\/910\/revisions\/1269"}],"wp:attachment":[{"href":"https:\/\/production-nethys.fr\/clean2\/wp-json\/wp\/v2\/media?parent=910"}],"curies":[{"name":"wp","href":"https:\/\/api.w.org\/{rel}","templated":true}]}}