{"id":379,"date":"2023-07-24T13:47:34","date_gmt":"2023-07-24T11:47:34","guid":{"rendered":"http:\/\/production-nethys.fr\/bonsgarcons\/?post_type=product&#038;p=379"},"modified":"2023-10-02T12:17:27","modified_gmt":"2023-10-02T10:17:27","slug":"john","status":"publish","type":"product","link":"https:\/\/production-nethys.fr\/bonsgarcons\/produit\/john\/","title":{"rendered":"John"},"content":{"rendered":"<div class=\"elementor-element elementor-element-67309416 elementor-widget elementor-widget-woocommerce-product-short-description\" data-id=\"67309416\" data-element_type=\"widget\" data-widget_type=\"woocommerce-product-short-description.default\">\n<div class=\"elementor-widget-container\">\n<div>\n<p><strong>Ingr\u00e9dients\u00a0:<\/strong> Cacao, piment, sucre*, extrait d\u2019orange*, miel*, huile de tournesol*<\/p>\n<p><strong>Allerg\u00e8nes\u00a0:<\/strong> Feuille de brick contenant du gluten, fruits \u00e0 coque<\/p>\n<p><strong>Conservation et d\u00e9gustation<\/strong> : A conserver \u00e0 temp\u00e9rature ambiante, dans un endroit sec, \u00e0 l\u2019abri de la chaleur. Les cigares au miel se conservent plusieurs jours. Cependant, pour vous garantir l\u2019ext\u00e9rieur croustillant, nous vous conseillons de les consommer rapidement \u00e0 compter de la r\u00e9ception.<\/p>\n<p>*Issu de l\u2019agriculture biologique<\/p>\n<\/div>\n<\/div>\n<\/div>\n","protected":false},"excerpt":{"rendered":"<h2>PIMENTEZ VOS SENS !<\/h2>\n<h4>CHOCOLAT &amp; PIMENT<\/h4>\n<p>Une splendide couleur \u00e9b\u00e8ne, une taille d\u00e9mesur\u00e9e, mais surtout une grande g\u00e9n\u00e9rosit\u00e9. 100% aphrodisiaque !<\/p>\n","protected":false},"featured_media":331,"template":"","meta":[],"product_cat":[28],"product_tag":[],"class_list":["post-379","product","type-product","status-publish","has-post-thumbnail","hentry","product_cat-cigares-au-miel"],"_links":{"self":[{"href":"https:\/\/production-nethys.fr\/bonsgarcons\/wp-json\/wp\/v2\/product\/379","targetHints":{"allow":["GET"]}}],"collection":[{"href":"https:\/\/production-nethys.fr\/bonsgarcons\/wp-json\/wp\/v2\/product"}],"about":[{"href":"https:\/\/production-nethys.fr\/bonsgarcons\/wp-json\/wp\/v2\/types\/product"}],"version-history":[{"count":8,"href":"https:\/\/production-nethys.fr\/bonsgarcons\/wp-json\/wp\/v2\/product\/379\/revisions"}],"predecessor-version":[{"id":820,"href":"https:\/\/production-nethys.fr\/bonsgarcons\/wp-json\/wp\/v2\/product\/379\/revisions\/820"}],"wp:featuredmedia":[{"embeddable":true,"href":"https:\/\/production-nethys.fr\/bonsgarcons\/wp-json\/wp\/v2\/media\/331"}],"wp:attachment":[{"href":"https:\/\/production-nethys.fr\/bonsgarcons\/wp-json\/wp\/v2\/media?parent=379"}],"wp:term":[{"taxonomy":"product_cat","embeddable":true,"href":"https:\/\/production-nethys.fr\/bonsgarcons\/wp-json\/wp\/v2\/product_cat?post=379"},{"taxonomy":"product_tag","embeddable":true,"href":"https:\/\/production-nethys.fr\/bonsgarcons\/wp-json\/wp\/v2\/product_tag?post=379"}],"curies":[{"name":"wp","href":"https:\/\/api.w.org\/{rel}","templated":true}]}}