{"id":199,"date":"2023-07-23T21:28:28","date_gmt":"2023-07-23T19:28:28","guid":{"rendered":"http:\/\/production-nethys.fr\/bonsgarcons\/?post_type=product&#038;p=199"},"modified":"2023-10-02T12:18:01","modified_gmt":"2023-10-02T10:18:01","slug":"carl","status":"publish","type":"product","link":"https:\/\/production-nethys.fr\/bonsgarcons\/produit\/carl\/","title":{"rendered":"Carl"},"content":{"rendered":"<div class=\"elementor-element elementor-element-67309416 elementor-widget elementor-widget-woocommerce-product-short-description\" data-id=\"67309416\" data-element_type=\"widget\" data-widget_type=\"woocommerce-product-short-description.default\">\n<div class=\"elementor-widget-container\">\n<div>\n<p><strong>Ingr\u00e9dients\u00a0:<\/strong> Noix de cajou, amande, sucre*, extrait d\u2019orange*, miel*, huile de noisette<\/p>\n<p><strong>Allerg\u00e8nes\u00a0:<\/strong> Feuille de brick contenant du gluten, fruits \u00e0 coque<\/p>\n<p><strong>Conservation et d\u00e9gustation<\/strong> : A conserver \u00e0 temp\u00e9rature ambiante, dans un endroit sec, \u00e0 l\u2019abri de la chaleur. Les cigares au miel se conservent plusieurs jours. Cependant, pour vous garantir l\u2019ext\u00e9rieur croustillant, nous vous conseillons de les consommer rapidement \u00e0 compter de la r\u00e9ception.<\/p>\n<p>*Issu de l\u2019agriculture biologique<\/p>\n<\/div>\n<\/div>\n<\/div>\n","protected":false},"excerpt":{"rendered":"<div class=\"elementor-element elementor-element-67309416 elementor-widget elementor-widget-woocommerce-product-short-description\" data-id=\"67309416\" data-element_type=\"widget\" data-widget_type=\"woocommerce-product-short-description.default\">\n<div class=\"elementor-widget-container\">\n<div>\n<h2>UNE INTENSIT\u00c9 FONDANTE !<\/h2>\n<h4>NOIX DE CAJOU<\/h4>\n<p>Il cache bien ses saveurs sous sa solide apparence. Testez-le et vous d\u00e9couvrirez que c&rsquo;est un vrai nounours !<\/p>\n<\/div>\n<\/div>\n<\/div>\n","protected":false},"featured_media":329,"template":"","meta":[],"product_cat":[28],"product_tag":[],"class_list":["post-199","product","type-product","status-publish","has-post-thumbnail","hentry","product_cat-cigares-au-miel"],"_links":{"self":[{"href":"https:\/\/production-nethys.fr\/bonsgarcons\/wp-json\/wp\/v2\/product\/199","targetHints":{"allow":["GET"]}}],"collection":[{"href":"https:\/\/production-nethys.fr\/bonsgarcons\/wp-json\/wp\/v2\/product"}],"about":[{"href":"https:\/\/production-nethys.fr\/bonsgarcons\/wp-json\/wp\/v2\/types\/product"}],"version-history":[{"count":12,"href":"https:\/\/production-nethys.fr\/bonsgarcons\/wp-json\/wp\/v2\/product\/199\/revisions"}],"predecessor-version":[{"id":821,"href":"https:\/\/production-nethys.fr\/bonsgarcons\/wp-json\/wp\/v2\/product\/199\/revisions\/821"}],"wp:featuredmedia":[{"embeddable":true,"href":"https:\/\/production-nethys.fr\/bonsgarcons\/wp-json\/wp\/v2\/media\/329"}],"wp:attachment":[{"href":"https:\/\/production-nethys.fr\/bonsgarcons\/wp-json\/wp\/v2\/media?parent=199"}],"wp:term":[{"taxonomy":"product_cat","embeddable":true,"href":"https:\/\/production-nethys.fr\/bonsgarcons\/wp-json\/wp\/v2\/product_cat?post=199"},{"taxonomy":"product_tag","embeddable":true,"href":"https:\/\/production-nethys.fr\/bonsgarcons\/wp-json\/wp\/v2\/product_tag?post=199"}],"curies":[{"name":"wp","href":"https:\/\/api.w.org\/{rel}","templated":true}]}}