{"id":198,"date":"2023-07-23T21:27:12","date_gmt":"2023-07-23T19:27:12","guid":{"rendered":"http:\/\/production-nethys.fr\/bonsgarcons\/?post_type=product&#038;p=198"},"modified":"2023-10-02T12:15:54","modified_gmt":"2023-10-02T10:15:54","slug":"enzo","status":"publish","type":"product","link":"https:\/\/production-nethys.fr\/bonsgarcons\/produit\/enzo\/","title":{"rendered":"Enzo"},"content":{"rendered":"<div class=\"elementor-element elementor-element-67309416 elementor-widget elementor-widget-woocommerce-product-short-description\" data-id=\"67309416\" data-element_type=\"widget\" data-widget_type=\"woocommerce-product-short-description.default\">\n<div class=\"elementor-widget-container\">\n<div>\n<p><strong>Ingr\u00e9dients\u00a0:<\/strong> Cacahu\u00e8tes, citron vert*, sucre*, miel*, une pointe de cannelle, huile d\u2019arachide*<\/p>\n<p><strong>Allerg\u00e8nes\u00a0:<\/strong> Feuille de brick contenant du gluten, fruits \u00e0 coque<\/p>\n<p><strong>Conservation et d\u00e9gustation<\/strong> : A conserver \u00e0 temp\u00e9rature ambiante, dans un endroit sec, \u00e0 l\u2019abri de la chaleur. Les cigares au miel se conservent plusieurs jours. Cependant, pour vous garantir l\u2019ext\u00e9rieur croustillant, nous vous conseillons de les consommer rapidement \u00e0 compter de la r\u00e9ception.<\/p>\n<p>*Issu de l\u2019agriculture biologique<\/p>\n<\/div>\n<\/div>\n<\/div>\n","protected":false},"excerpt":{"rendered":"<h2>UN SUBTIL CROQUANT !<\/h2>\n<h4>CACAHU\u00c8TE &amp; CITRON VERT<\/h4>\n<p>M\u00eame s&rsquo;il a un c\u0153ur un peu dur, vous aimerez son charisme et son c\u00f4t\u00e9 tendre. Vous serez pr\u00eat \u00e0 tout pour lui !<\/p>\n","protected":false},"featured_media":332,"template":"","meta":[],"product_cat":[28],"product_tag":[],"class_list":["post-198","product","type-product","status-publish","has-post-thumbnail","hentry","product_cat-cigares-au-miel"],"_links":{"self":[{"href":"https:\/\/production-nethys.fr\/bonsgarcons\/wp-json\/wp\/v2\/product\/198","targetHints":{"allow":["GET"]}}],"collection":[{"href":"https:\/\/production-nethys.fr\/bonsgarcons\/wp-json\/wp\/v2\/product"}],"about":[{"href":"https:\/\/production-nethys.fr\/bonsgarcons\/wp-json\/wp\/v2\/types\/product"}],"version-history":[{"count":6,"href":"https:\/\/production-nethys.fr\/bonsgarcons\/wp-json\/wp\/v2\/product\/198\/revisions"}],"predecessor-version":[{"id":817,"href":"https:\/\/production-nethys.fr\/bonsgarcons\/wp-json\/wp\/v2\/product\/198\/revisions\/817"}],"wp:featuredmedia":[{"embeddable":true,"href":"https:\/\/production-nethys.fr\/bonsgarcons\/wp-json\/wp\/v2\/media\/332"}],"wp:attachment":[{"href":"https:\/\/production-nethys.fr\/bonsgarcons\/wp-json\/wp\/v2\/media?parent=198"}],"wp:term":[{"taxonomy":"product_cat","embeddable":true,"href":"https:\/\/production-nethys.fr\/bonsgarcons\/wp-json\/wp\/v2\/product_cat?post=198"},{"taxonomy":"product_tag","embeddable":true,"href":"https:\/\/production-nethys.fr\/bonsgarcons\/wp-json\/wp\/v2\/product_tag?post=198"}],"curies":[{"name":"wp","href":"https:\/\/api.w.org\/{rel}","templated":true}]}}