{"id":218,"date":"2023-07-23T21:35:09","date_gmt":"2023-07-23T19:35:09","guid":{"rendered":"http:\/\/production-nethys.fr\/bonsgarcons\/?page_id=218"},"modified":"2023-09-26T17:09:52","modified_gmt":"2023-09-26T15:09:52","slug":"contact","status":"publish","type":"page","link":"https:\/\/production-nethys.fr\/bonsgarcons\/contact\/","title":{"rendered":"Contact"},"content":{"rendered":"\t\t<div data-elementor-type=\"wp-page\" data-elementor-id=\"218\" class=\"elementor elementor-218\">\n\t\t\t\t\t\t\t\t\t<section class=\"elementor-section elementor-top-section elementor-element elementor-element-79ade386 elementor-section-stretched elementor-section-boxed elementor-section-height-default elementor-section-height-default\" data-id=\"79ade386\" data-element_type=\"section\" data-settings=\"{&quot;background_background&quot;:&quot;classic&quot;,&quot;stretch_section&quot;:&quot;section-stretched&quot;}\">\n\t\t\t\t\t\t\t<div class=\"elementor-background-overlay\"><\/div>\n\t\t\t\t\t\t\t<div class=\"elementor-container elementor-column-gap-no\">\n\t\t\t\t\t<div class=\"elementor-column elementor-col-100 elementor-top-column elementor-element elementor-element-1069dfac\" data-id=\"1069dfac\" data-element_type=\"column\">\n\t\t\t<div class=\"elementor-widget-wrap elementor-element-populated\">\n\t\t\t\t\t\t\t\t\t<\/div>\n\t\t<\/div>\n\t\t\t\t\t\t\t<\/div>\n\t\t<\/section>\n\t\t\t\t<section class=\"elementor-section elementor-top-section elementor-element elementor-element-4b1c92b elementor-section-boxed elementor-section-height-default elementor-section-height-default\" data-id=\"4b1c92b\" data-element_type=\"section\">\n\t\t\t\t\t\t<div class=\"elementor-container elementor-column-gap-default\">\n\t\t\t\t\t<div class=\"elementor-column elementor-col-100 elementor-top-column elementor-element elementor-element-399825a\" data-id=\"399825a\" data-element_type=\"column\">\n\t\t\t<div class=\"elementor-widget-wrap elementor-element-populated\">\n\t\t\t\t\t\t\t\t<div class=\"elementor-element elementor-element-026b7b1 elementor-widget elementor-widget-text-editor\" data-id=\"026b7b1\" data-element_type=\"widget\" data-widget_type=\"text-editor.default\">\n\t\t\t\t<div class=\"elementor-widget-container\">\n\t\t\t<style>\/*! elementor - v3.16.0 - 20-09-2023 *\/\n.elementor-widget-text-editor.elementor-drop-cap-view-stacked .elementor-drop-cap{background-color:#69727d;color:#fff}.elementor-widget-text-editor.elementor-drop-cap-view-framed .elementor-drop-cap{color:#69727d;border:3px solid;background-color:transparent}.elementor-widget-text-editor:not(.elementor-drop-cap-view-default) .elementor-drop-cap{margin-top:8px}.elementor-widget-text-editor:not(.elementor-drop-cap-view-default) .elementor-drop-cap-letter{width:1em;height:1em}.elementor-widget-text-editor .elementor-drop-cap{float:left;text-align:center;line-height:1;font-size:50px}.elementor-widget-text-editor .elementor-drop-cap-letter{display:inline-block}<\/style>\t\t\t\t<p>Ces gar\u00e7ons-l\u00e0 ne sont pas seulement bons, ils sont \u00e9galement soucieux du bien-\u00eatre de leurs clients.<\/p><p>Ainsi, pour ceux qui n\u2019ont pas la possibilit\u00e9 de commander en ligne et payer en CB, nous vous invitons \u00e0 nous envoyer votre commande par courriel \u00e0 : <a href=\"mailto:bonjour@lesbonsgarcons.com\" target=\"_blank\" rel=\"noopener\">bonjour@lesbonsgarcons.com<\/a><\/p><p>Sans omettre de laisser votre nom et vos coordonn\u00e9es (num\u00e9ro de t\u00e9l\u00e9phone + adresse).<\/p>\t\t\t\t\t\t<\/div>\n\t\t\t\t<\/div>\n\t\t\t\t\t<\/div>\n\t\t<\/div>\n\t\t\t\t\t\t\t<\/div>\n\t\t<\/section>\n\t\t\t\t\t\t\t<\/div>\n\t\t","protected":false},"excerpt":{"rendered":"<p>Ces gar\u00e7ons-l\u00e0 ne sont pas seulement bons, ils sont \u00e9galement soucieux du bien-\u00eatre de leurs clients. Ainsi, pour ceux qui n\u2019ont pas la possibilit\u00e9 de commander en ligne et payer en CB, nous vous invitons \u00e0 nous envoyer votre commande par courriel \u00e0 : bonjour@lesbonsgarcons.com Sans omettre de laisser votre nom et vos coordonn\u00e9es (num\u00e9ro [&hellip;]<\/p>\n","protected":false},"author":1,"featured_media":0,"parent":0,"menu_order":0,"comment_status":"closed","ping_status":"closed","template":"elementor_header_footer","meta":{"footnotes":""},"class_list":["post-218","page","type-page","status-publish","hentry"],"_links":{"self":[{"href":"https:\/\/production-nethys.fr\/bonsgarcons\/wp-json\/wp\/v2\/pages\/218","targetHints":{"allow":["GET"]}}],"collection":[{"href":"https:\/\/production-nethys.fr\/bonsgarcons\/wp-json\/wp\/v2\/pages"}],"about":[{"href":"https:\/\/production-nethys.fr\/bonsgarcons\/wp-json\/wp\/v2\/types\/page"}],"author":[{"embeddable":true,"href":"https:\/\/production-nethys.fr\/bonsgarcons\/wp-json\/wp\/v2\/users\/1"}],"replies":[{"embeddable":true,"href":"https:\/\/production-nethys.fr\/bonsgarcons\/wp-json\/wp\/v2\/comments?post=218"}],"version-history":[{"count":40,"href":"https:\/\/production-nethys.fr\/bonsgarcons\/wp-json\/wp\/v2\/pages\/218\/revisions"}],"predecessor-version":[{"id":746,"href":"https:\/\/production-nethys.fr\/bonsgarcons\/wp-json\/wp\/v2\/pages\/218\/revisions\/746"}],"wp:attachment":[{"href":"https:\/\/production-nethys.fr\/bonsgarcons\/wp-json\/wp\/v2\/media?parent=218"}],"curies":[{"name":"wp","href":"https:\/\/api.w.org\/{rel}","templated":true}]}}