{"id":108,"date":"2023-07-23T16:44:58","date_gmt":"2023-07-23T14:44:58","guid":{"rendered":"http:\/\/production-nethys.fr\/bonsgarcons\/?page_id=108"},"modified":"2023-10-02T12:13:08","modified_gmt":"2023-10-02T10:13:08","slug":"philosophie","status":"publish","type":"page","link":"https:\/\/production-nethys.fr\/bonsgarcons\/philosophie\/","title":{"rendered":"Philosophie"},"content":{"rendered":"\t\t<div data-elementor-type=\"wp-page\" data-elementor-id=\"108\" class=\"elementor elementor-108\">\n\t\t\t\t\t\t\t\t\t<section class=\"elementor-section elementor-top-section elementor-element elementor-element-5410ac72 elementor-section-stretched elementor-section-boxed elementor-section-height-default elementor-section-height-default\" data-id=\"5410ac72\" data-element_type=\"section\" data-settings=\"{&quot;background_background&quot;:&quot;classic&quot;,&quot;stretch_section&quot;:&quot;section-stretched&quot;}\">\n\t\t\t\t\t\t\t<div class=\"elementor-background-overlay\"><\/div>\n\t\t\t\t\t\t\t<div class=\"elementor-container elementor-column-gap-no\">\n\t\t\t\t\t<div class=\"elementor-column elementor-col-100 elementor-top-column elementor-element elementor-element-6f935e35\" data-id=\"6f935e35\" data-element_type=\"column\">\n\t\t\t<div class=\"elementor-widget-wrap elementor-element-populated\">\n\t\t\t\t\t\t\t\t\t<\/div>\n\t\t<\/div>\n\t\t\t\t\t\t\t<\/div>\n\t\t<\/section>\n\t\t\t\t<section class=\"elementor-section elementor-top-section elementor-element elementor-element-5f0472ff elementor-section-stretched elementor-section-boxed elementor-section-height-default elementor-section-height-default\" data-id=\"5f0472ff\" data-element_type=\"section\" data-settings=\"{&quot;stretch_section&quot;:&quot;section-stretched&quot;}\">\n\t\t\t\t\t\t<div class=\"elementor-container elementor-column-gap-no\">\n\t\t\t\t\t<div class=\"elementor-column elementor-col-100 elementor-top-column elementor-element elementor-element-53678a21\" data-id=\"53678a21\" data-element_type=\"column\">\n\t\t\t<div class=\"elementor-widget-wrap elementor-element-populated\">\n\t\t\t\t\t\t\t\t<section class=\"elementor-section elementor-inner-section elementor-element elementor-element-557817a6 elementor-section-boxed elementor-section-height-default elementor-section-height-default\" data-id=\"557817a6\" data-element_type=\"section\" data-settings=\"{&quot;background_background&quot;:&quot;classic&quot;}\">\n\t\t\t\t\t\t<div class=\"elementor-container elementor-column-gap-no\">\n\t\t\t\t\t<div class=\"elementor-column elementor-col-100 elementor-inner-column elementor-element elementor-element-4b668b42\" data-id=\"4b668b42\" data-element_type=\"column\">\n\t\t\t<div class=\"elementor-widget-wrap elementor-element-populated\">\n\t\t\t\t\t\t\t\t<div class=\"elementor-element elementor-element-5ddabb14 elementor-widget elementor-widget-heading\" data-id=\"5ddabb14\" data-element_type=\"widget\" data-widget_type=\"heading.default\">\n\t\t\t\t<div class=\"elementor-widget-container\">\n\t\t\t<style>\/*! elementor - v3.16.0 - 20-09-2023 *\/\n.elementor-heading-title{padding:0;margin:0;line-height:1}.elementor-widget-heading .elementor-heading-title[class*=elementor-size-]>a{color:inherit;font-size:inherit;line-height:inherit}.elementor-widget-heading .elementor-heading-title.elementor-size-small{font-size:15px}.elementor-widget-heading .elementor-heading-title.elementor-size-medium{font-size:19px}.elementor-widget-heading .elementor-heading-title.elementor-size-large{font-size:29px}.elementor-widget-heading .elementor-heading-title.elementor-size-xl{font-size:39px}.elementor-widget-heading .elementor-heading-title.elementor-size-xxl{font-size:59px}<\/style><h6 class=\"elementor-heading-title elementor-size-default\">Notre philosophie<\/h6>\t\t<\/div>\n\t\t\t\t<\/div>\n\t\t\t\t<div class=\"elementor-element elementor-element-5c203c9 elementor-widget__width-initial elementor-widget elementor-widget-text-editor\" data-id=\"5c203c9\" data-element_type=\"widget\" data-widget_type=\"text-editor.default\">\n\t\t\t\t<div class=\"elementor-widget-container\">\n\t\t\t<style>\/*! elementor - v3.16.0 - 20-09-2023 *\/\n.elementor-widget-text-editor.elementor-drop-cap-view-stacked .elementor-drop-cap{background-color:#69727d;color:#fff}.elementor-widget-text-editor.elementor-drop-cap-view-framed .elementor-drop-cap{color:#69727d;border:3px solid;background-color:transparent}.elementor-widget-text-editor:not(.elementor-drop-cap-view-default) .elementor-drop-cap{margin-top:8px}.elementor-widget-text-editor:not(.elementor-drop-cap-view-default) .elementor-drop-cap-letter{width:1em;height:1em}.elementor-widget-text-editor .elementor-drop-cap{float:left;text-align:center;line-height:1;font-size:50px}.elementor-widget-text-editor .elementor-drop-cap-letter{display:inline-block}<\/style>\t\t\t\t<p><b>Les Bons Gar\u00e7ons sont soucieux de la protection de la plan\u00e8te.<\/b><\/p><p>Tr\u00e8s engag\u00e9s, nous mettons tout en \u0153uvre pour r\u00e9duire les mati\u00e8res polluantes.<\/p><p>Nos bo\u00eetes sont en carton recycl\u00e9. Nous n\u2019utilisons pas de blisters (coques de plastique transparent) pour la protection des produits. C\u2019est la raison pour laquelle nous n\u2019exp\u00e9dions pas mais privil\u00e9gions les circuits courts et les livraisons \u00e0 domicile.<br \/>Nos cigares sont fabriqu\u00e9s sur commande, chaque jour, pour vous garantir une fra\u00eecheur maximale.\u00a0<\/p><p>Ainsi, nous vous saurions gr\u00e9 de bien vouloir nous passer commande au moins 4 jours \u00e0 l\u2019avance, pour des questions d\u2019organisation.<\/p><p>(R\u00e9f\u00e9rez-vous au calendrier de notre pr\u00e9sence dans certaines villes pour vos commandes)<\/p>\t\t\t\t\t\t<\/div>\n\t\t\t\t<\/div>\n\t\t\t\t<div class=\"elementor-element elementor-element-768d18cb elementor-widget elementor-widget-text-editor\" data-id=\"768d18cb\" data-element_type=\"widget\" data-widget_type=\"text-editor.default\">\n\t\t\t\t<div class=\"elementor-widget-container\">\n\t\t\t\t\t\t\t<p>Les Bons Gar\u00e7ons<\/p>\t\t\t\t\t\t<\/div>\n\t\t\t\t<\/div>\n\t\t\t\t\t<\/div>\n\t\t<\/div>\n\t\t\t\t\t\t\t<\/div>\n\t\t<\/section>\n\t\t\t\t\t<\/div>\n\t\t<\/div>\n\t\t\t\t\t\t\t<\/div>\n\t\t<\/section>\n\t\t\t\t\t\t\t<\/div>\n\t\t","protected":false},"excerpt":{"rendered":"<p>Notre philosophie Les Bons Gar\u00e7ons sont soucieux de la protection de la plan\u00e8te. Tr\u00e8s engag\u00e9s, nous mettons tout en \u0153uvre pour r\u00e9duire les mati\u00e8res polluantes. Nos bo\u00eetes sont en carton recycl\u00e9. Nous n\u2019utilisons pas de blisters (coques de plastique transparent) pour la protection des produits. C\u2019est la raison pour laquelle nous n\u2019exp\u00e9dions pas mais privil\u00e9gions [&hellip;]<\/p>\n","protected":false},"author":1,"featured_media":0,"parent":0,"menu_order":0,"comment_status":"closed","ping_status":"closed","template":"elementor_header_footer","meta":{"footnotes":""},"class_list":["post-108","page","type-page","status-publish","hentry"],"_links":{"self":[{"href":"https:\/\/production-nethys.fr\/bonsgarcons\/wp-json\/wp\/v2\/pages\/108","targetHints":{"allow":["GET"]}}],"collection":[{"href":"https:\/\/production-nethys.fr\/bonsgarcons\/wp-json\/wp\/v2\/pages"}],"about":[{"href":"https:\/\/production-nethys.fr\/bonsgarcons\/wp-json\/wp\/v2\/types\/page"}],"author":[{"embeddable":true,"href":"https:\/\/production-nethys.fr\/bonsgarcons\/wp-json\/wp\/v2\/users\/1"}],"replies":[{"embeddable":true,"href":"https:\/\/production-nethys.fr\/bonsgarcons\/wp-json\/wp\/v2\/comments?post=108"}],"version-history":[{"count":120,"href":"https:\/\/production-nethys.fr\/bonsgarcons\/wp-json\/wp\/v2\/pages\/108\/revisions"}],"predecessor-version":[{"id":814,"href":"https:\/\/production-nethys.fr\/bonsgarcons\/wp-json\/wp\/v2\/pages\/108\/revisions\/814"}],"wp:attachment":[{"href":"https:\/\/production-nethys.fr\/bonsgarcons\/wp-json\/wp\/v2\/media?parent=108"}],"curies":[{"name":"wp","href":"https:\/\/api.w.org\/{rel}","templated":true}]}}