{"id":5921,"date":"2025-11-22T18:14:15","date_gmt":"2025-11-22T17:14:15","guid":{"rendered":"https:\/\/productiwv.cluster007.ovh.net\/TLC\/?page_id=5921"},"modified":"2026-02-09T21:19:13","modified_gmt":"2026-02-09T20:19:13","slug":"maitrise-doeuvre-pilotage-de-projet","status":"publish","type":"page","link":"https:\/\/production-nethys.fr\/TLC\/services\/maitrise-doeuvre-pilotage-de-projet\/","title":{"rendered":"Ma\u00eetrise d&rsquo;\u0152uvre et Pilotage de Projet"},"content":{"rendered":"\t\t<div data-elementor-type=\"wp-page\" data-elementor-id=\"5921\" class=\"elementor elementor-5921\" data-elementor-post-type=\"page\">\n\t\t\t\t\t\t<section class=\"elementor-section elementor-top-section elementor-element elementor-element-522a4bde elementor-section-boxed elementor-section-height-default elementor-section-height-default\" data-id=\"522a4bde\" data-element_type=\"section\" data-e-type=\"section\">\n\t\t\t\t\t\t<div class=\"elementor-container elementor-column-gap-default\">\n\t\t\t\t\t<div class=\"elementor-column elementor-col-50 elementor-top-column elementor-element elementor-element-156bb276\" data-id=\"156bb276\" data-element_type=\"column\" data-e-type=\"column\">\n\t\t\t<div class=\"elementor-widget-wrap elementor-element-populated\">\n\t\t\t\t\t\t<div class=\"elementor-element elementor-element-4f1d7df1 menu-vertical elementor-widget elementor-widget-mae-menu\" data-id=\"4f1d7df1\" data-element_type=\"widget\" data-e-type=\"widget\" data-widget_type=\"mae-menu.default\">\n\t\t\t\t<div class=\"elementor-widget-container\">\n\t\t\t\t\t        <div class=\"tombuild-menu-wrap\">\r\n            <nav class=\"tombuild-menu master-menu\">\r\n                                <ul id=\"menu-69d830ea1d6a1\" class=\"menu\"><li id=\"menu-item-6233\" class=\"menu-item menu-item-type-post_type menu-item-object-page menu-item-6233\"><a href=\"https:\/\/production-nethys.fr\/TLC\/services\/maitrise-doeuvre-pilotage-de-projet\/\"><span>Ma\u00eetrise d\u2019\u0152uvre et Pilotage de Projet<\/span><\/a><\/li>\n<li id=\"menu-item-6234\" class=\"menu-item menu-item-type-post_type menu-item-object-page menu-item-6234\"><a href=\"https:\/\/production-nethys.fr\/TLC\/services\/audits-techniques-diagnostics\/\"><span>Audits Techniques et Diagnostics<\/span><\/a><\/li>\n<li id=\"menu-item-7468\" class=\"menu-item menu-item-type-post_type menu-item-object-page menu-item-7468\"><a href=\"https:\/\/production-nethys.fr\/TLC\/services\/etudes-de-structure\/\"><span>\u00c9tudes de structure<\/span><\/a><\/li>\n<li id=\"menu-item-6235\" class=\"menu-item menu-item-type-post_type menu-item-object-page menu-item-6235\"><a href=\"https:\/\/production-nethys.fr\/TLC\/services\/gestion-technique-du-batiment\/\"><span>Gestion Technique du B\u00e2timent<\/span><\/a><\/li>\n<li id=\"menu-item-6236\" class=\"menu-item menu-item-type-post_type menu-item-object-page menu-item-6236\"><a href=\"https:\/\/production-nethys.fr\/TLC\/services\/courants-forts-faibles\/\"><span>Courants Forts et Faibles<\/span><\/a><\/li>\n<li id=\"menu-item-6237\" class=\"menu-item menu-item-type-post_type menu-item-object-page menu-item-6237\"><a href=\"https:\/\/production-nethys.fr\/TLC\/services\/chauffage-ventilation-climatisation\/\"><span>Chauffage Ventilation Climatisation<\/span><\/a><\/li>\n<\/ul>            <\/nav>\r\n        <\/div>\r\n        \t\t\t\t<\/div>\n\t\t\t\t<\/div>\n\t\t\t\t<section class=\"elementor-section elementor-inner-section elementor-element elementor-element-451dec05 elementor-section-boxed elementor-section-height-default elementor-section-height-default\" data-id=\"451dec05\" data-element_type=\"section\" data-e-type=\"section\" data-settings=\"{&quot;background_background&quot;:&quot;classic&quot;}\">\n\t\t\t\t\t\t<div class=\"elementor-container elementor-column-gap-no\">\n\t\t\t\t\t<div class=\"elementor-column elementor-col-100 elementor-inner-column elementor-element elementor-element-745b60ba\" data-id=\"745b60ba\" data-element_type=\"column\" data-e-type=\"column\">\n\t\t\t<div class=\"elementor-widget-wrap elementor-element-populated\">\n\t\t\t\t\t\t<div class=\"elementor-element elementor-element-ee743e0 icon-position-left icon-box-default elementor-widget elementor-widget-mae-icon-box\" data-id=\"ee743e0\" data-element_type=\"widget\" data-e-type=\"widget\" data-widget_type=\"mae-icon-box.default\">\n\t\t\t\t<div class=\"elementor-widget-container\">\n\t\t\t\t\t                <div class=\"master-icon-box\" >\n                        \n            <div class=\"inner\">\n                <div class=\"icon-wrap\"><div class=\"master-icon\"><svg aria-hidden=\"true\" class=\"e-font-icon-svg e-fas-file-pdf\" viewBox=\"0 0 384 512\" xmlns=\"http:\/\/www.w3.org\/2000\/svg\"><path d=\"M181.9 256.1c-5-16-4.9-46.9-2-46.9 8.4 0 7.6 36.9 2 46.9zm-1.7 47.2c-7.7 20.2-17.3 43.3-28.4 62.7 18.3-7 39-17.2 62.9-21.9-12.7-9.6-24.9-23.4-34.5-40.8zM86.1 428.1c0 .8 13.2-5.4 34.9-40.2-6.7 6.3-29.1 24.5-34.9 40.2zM248 160h136v328c0 13.3-10.7 24-24 24H24c-13.3 0-24-10.7-24-24V24C0 10.7 10.7 0 24 0h200v136c0 13.2 10.8 24 24 24zm-8 171.8c-20-12.2-33.3-29-42.7-53.8 4.5-18.5 11.6-46.6 6.2-64.2-4.7-29.4-42.4-26.5-47.8-6.8-5 18.3-.4 44.1 8.1 77-11.6 27.6-28.7 64.6-40.8 85.8-.1 0-.1.1-.2.1-27.1 13.9-73.6 44.5-54.5 68 5.6 6.9 16 10 21.5 10 17.9 0 35.7-18 61.1-61.8 25.8-8.5 54.1-19.1 79-23.2 21.7 11.8 47.1 19.5 64 19.5 29.2 0 31.2-32 19.7-43.4-13.9-13.6-54.3-9.7-73.6-7.2zM377 105L279 7c-4.5-4.5-10.6-7-17-7h-6v128h128v-6.1c0-6.3-2.5-12.4-7-16.9zm-74.1 255.3c4.1-2.7-2.5-11.9-42.8-9 37.1 15.8 42.8 9 42.8 9z\"><\/path><\/svg><\/div><\/div>\n                <div class=\"text-wrap\">\n                    <h2 class=\"headline-2\">T\u00e9l\u00e9charger notre pdf de pr\u00e9sentation<\/h2><div class=\"desc\">3.9KB<\/div>                <\/div>\n            <\/div>\n\n            <div class=\"bg-static\"><\/div><a class=\"url-hidden\" href=\"https:\/\/production-nethys.fr\/TLC\/wp-content\/uploads\/2025\/11\/PLAQUETTE-TLC-ETUDES.pdf\" target=\"_blank\" download=\"\"><\/a>        <\/div>\n        \t\t\t\t<\/div>\n\t\t\t\t<\/div>\n\t\t\t\t\t<\/div>\n\t\t<\/div>\n\t\t\t\t\t<\/div>\n\t\t<\/section>\n\t\t\t\t<section class=\"elementor-section elementor-inner-section elementor-element elementor-element-216ecccd elementor-section-boxed elementor-section-height-default elementor-section-height-default\" data-id=\"216ecccd\" data-element_type=\"section\" data-e-type=\"section\" data-settings=\"{&quot;background_background&quot;:&quot;classic&quot;}\">\n\t\t\t\t\t\t<div class=\"elementor-container elementor-column-gap-no\">\n\t\t\t\t\t<div class=\"elementor-column elementor-col-100 elementor-inner-column elementor-element elementor-element-ef37cd0\" data-id=\"ef37cd0\" data-element_type=\"column\" data-e-type=\"column\">\n\t\t\t<div class=\"elementor-widget-wrap elementor-element-populated\">\n\t\t\t\t\t\t<div class=\"elementor-element elementor-element-dc74760 elementor-widget elementor-widget-heading\" data-id=\"dc74760\" data-element_type=\"widget\" data-e-type=\"widget\" data-widget_type=\"heading.default\">\n\t\t\t\t\t<h3 class=\"elementor-heading-title elementor-size-default\">Une question?<br>\nParlons de votre<br>\nProjet<\/h3>\t\t\t\t<\/div>\n\t\t\t\t<div class=\"elementor-element elementor-element-29d50052 align-center icon-box-default icon-position-top elementor-widget elementor-widget-mae-icon-box\" data-id=\"29d50052\" data-element_type=\"widget\" data-e-type=\"widget\" data-widget_type=\"mae-icon-box.default\">\n\t\t\t\t<div class=\"elementor-widget-container\">\n\t\t\t\t\t                <div class=\"master-icon-box\" >\n                        \n            <div class=\"inner\">\n                <div class=\"icon-wrap\"><div class=\"master-icon\"><svg xmlns=\"http:\/\/www.w3.org\/2000\/svg\" xml:space=\"preserve\" width=\"682.66669\" height=\"682.66669\" viewBox=\"0 0 682.66669 682.66669\">  <defs id=\"defs3106\">    <clipPath id=\"clipPath3116\">      <path d=\"M 0,512 H 512 V 0 H 0 Z\" id=\"path3114\"><\/path>    <\/clipPath>  <\/defs>  <g id=\"g3108\" transform=\"matrix(1.3333333,0,0,-1.3333333,0,682.66667)\">    <g id=\"g3110\">      <g id=\"g3112\" clip-path=\"url(#clipPath3116)\">        <g id=\"g3118\" transform=\"translate(291.4297,501.8896)\">          <path d=\"M 0,0 C 116.11,0 210.57,-94.46 210.57,-210.569\" style=\"fill:none;stroke:currentColor;stroke-width:20;stroke-linecap:round;stroke-linejoin:round;stroke-miterlimit:10;stroke-dasharray:none;stroke-opacity:1\" id=\"path3120\"><\/path>        <\/g>        <g id=\"g3122\" transform=\"translate(291.4297,441.7305)\">          <path d=\"M 0,0 C 82.931,0 150.41,-67.48 150.41,-150.41\" style=\"fill:none;stroke:currentColor;stroke-width:20;stroke-linecap:round;stroke-linejoin:round;stroke-miterlimit:10;stroke-dasharray:none;stroke-opacity:1\" id=\"path3124\"><\/path>        <\/g>        <g id=\"g3126\" transform=\"translate(291.4297,381.5596)\">          <path d=\"M 0,0 C 49.761,0 90.24,-40.479 90.24,-90.239\" style=\"fill:none;stroke:currentColor;stroke-width:20;stroke-linecap:round;stroke-linejoin:round;stroke-miterlimit:10;stroke-dasharray:none;stroke-opacity:1\" id=\"path3128\"><\/path>        <\/g>        <g id=\"g3130\" transform=\"translate(291.4297,321.4004)\">          <path d=\"M 0,0 C 16.61,0 30.08,-13.471 30.08,-30.08\" style=\"fill:none;stroke:currentColor;stroke-width:20;stroke-linecap:round;stroke-linejoin:round;stroke-miterlimit:10;stroke-dasharray:none;stroke-opacity:1\" id=\"path3132\"><\/path>        <\/g>        <g id=\"g3134\" transform=\"translate(187.418,187.1963)\">          <path d=\"m 0,0 c 0,-5.523 -4.477,-10 -10,-10 -5.522,0 -10,4.477 -10,10 0,5.522 4.478,10 10,10 C -4.477,10 0,5.522 0,0\" style=\"fill:currentColor;fill-opacity:1;fill-rule:nonzero;stroke:none\" id=\"path3136\"><\/path>        <\/g>        <g id=\"g3138\" transform=\"translate(148.1973,221.3926)\">          <path d=\"m 0,0 c -6.344,8.333 -12.356,16.938 -18.018,25.798 -7.439,11.649 -5.189,27.079 4.58,36.849 l 33.951,33.951 c 7.309,7.299 7.309,19.149 0,26.45 l -79.901,79.899 c -7.3,7.311 -19.149,7.311 -26.449,0 l -20.221,-20.219 c -32.819,-32.811 -41.689,-82.89 -21.089,-124.47 36.65,-73.99 112.07,-187.41 257.37,-258.66 41.71,-20.441 92.02,-11.771 124.86,21.069 l 20.68,20.681 c 7.309,7.299 7.309,19.149 0,26.46 l -79.901,79.889 c -7.3,7.311 -19.149,7.311 -26.449,0 l -33.95,-33.95 c -9.771,-9.769 -25.2,-12.019 -36.851,-4.58 -12.603,8.055 -24.698,16.822 -36.228,26.25\" style=\"fill:none;stroke:currentColor;stroke-width:20;stroke-linecap:round;stroke-linejoin:round;stroke-miterlimit:10;stroke-dasharray:none;stroke-opacity:1\" id=\"path3140\"><\/path>        <\/g>      <\/g>    <\/g>  <\/g><\/svg><\/div><\/div>\n                <div class=\"text-wrap\">\n                    <h2 class=\"headline-2\">Contactez-nous<\/h2><div class=\"desc\">+33 (0)6 63 89 94 63<\/div>                <\/div>\n            <\/div>\n\n            <div class=\"bg-static\"><\/div>        <\/div>\n        \t\t\t\t<\/div>\n\t\t\t\t<\/div>\n\t\t\t\t\t<\/div>\n\t\t<\/div>\n\t\t\t\t\t<\/div>\n\t\t<\/section>\n\t\t\t\t\t<\/div>\n\t\t<\/div>\n\t\t\t\t<div class=\"elementor-column elementor-col-50 elementor-top-column elementor-element elementor-element-2105865a\" data-id=\"2105865a\" data-element_type=\"column\" data-e-type=\"column\">\n\t\t\t<div class=\"elementor-widget-wrap elementor-element-populated\">\n\t\t\t\t\t\t<div class=\"elementor-element elementor-element-87417f elementor-widget elementor-widget-image\" data-id=\"87417f\" data-element_type=\"widget\" data-e-type=\"widget\" data-widget_type=\"image.default\">\n\t\t\t\t\t\t\t\t\t\t\t\t\t\t\t<img fetchpriority=\"high\" decoding=\"async\" width=\"1919\" height=\"881\" src=\"https:\/\/production-nethys.fr\/TLC\/wp-content\/uploads\/2026\/02\/19.png\" class=\"attachment-full size-full wp-image-6930\" alt=\"\" srcset=\"https:\/\/production-nethys.fr\/TLC\/wp-content\/uploads\/2026\/02\/19.png 1919w, https:\/\/production-nethys.fr\/TLC\/wp-content\/uploads\/2026\/02\/19-300x138.png 300w, https:\/\/production-nethys.fr\/TLC\/wp-content\/uploads\/2026\/02\/19-1024x470.png 1024w, https:\/\/production-nethys.fr\/TLC\/wp-content\/uploads\/2026\/02\/19-768x353.png 768w, https:\/\/production-nethys.fr\/TLC\/wp-content\/uploads\/2026\/02\/19-1536x705.png 1536w\" sizes=\"(max-width: 1919px) 100vw, 1919px\" \/>\t\t\t\t\t\t\t\t\t\t\t\t\t\t\t<\/div>\n\t\t\t\t<div class=\"elementor-element elementor-element-657f9ee7 elementor-widget elementor-widget-mae-post-content-title\" data-id=\"657f9ee7\" data-element_type=\"widget\" data-e-type=\"widget\" data-widget_type=\"mae-post-content-title.default\">\n\t\t\t\t<div class=\"elementor-widget-container\">\n\t\t\t\t\t<div class=\"hentry\"><h1 class=\"post-title\">Main Footer<\/h1><\/div>\t\t\t\t<\/div>\n\t\t\t\t<\/div>\n\t\t\t\t<div class=\"elementor-element elementor-element-293d8bbf elementor-widget elementor-widget-text-editor\" data-id=\"293d8bbf\" data-element_type=\"widget\" data-e-type=\"widget\" data-widget_type=\"text-editor.default\">\n\t\t\t\t\t\t\t\t\t<p>TLC \u00c9tudes assure le pilotage complet de vos projets en fluides \u00e9nerg\u00e9tiques, de la conception initiale jusqu&rsquo;\u00e0 la r\u00e9ception des travaux. Notre approche collaborative garantit la coordination de tous les acteurs du chantier et le respect de vos d\u00e9lais et budgets. Fort de 10 ans d&rsquo;exp\u00e9rience sur des projets complexes (mus\u00e9es, infrastructures, espaces aquatiques), nous ma\u00eetrisons parfaitement les enjeux techniques et r\u00e9glementaires de chaque secteur.<\/p>\t\t\t\t\t\t\t\t<\/div>\n\t\t\t\t<div class=\"elementor-element elementor-element-31576579 icon-has-bg elementor-widget elementor-widget-mae-icon-text\" data-id=\"31576579\" data-element_type=\"widget\" data-e-type=\"widget\" data-widget_type=\"mae-icon-text.default\">\n\t\t\t\t<div class=\"elementor-widget-container\">\n\t\t\t\t\t\n\t\t<div class=\"master-icon-text\">\n\t        <div class=\"icon-wrap\">\n\t\t        <i aria-hidden=\"true\" class=\"ci-tick\"><\/i>\t        <\/div> \n\n\t        <div class=\"content-wrap\">\n\t            Suivi de chantier rigoureux avec visites hebdomadaires, comptes-rendus d\u00e9taill\u00e9s et coordination permanente entre les corps d'\u00e9tat pour anticiper les al\u00e9as techniques.\t        <\/div>\n\t    <\/div>\n\n\t    \t\t\t\t<\/div>\n\t\t\t\t<\/div>\n\t\t\t\t<div class=\"elementor-element elementor-element-2caf3640 icon-has-bg elementor-widget elementor-widget-mae-icon-text\" data-id=\"2caf3640\" data-element_type=\"widget\" data-e-type=\"widget\" data-widget_type=\"mae-icon-text.default\">\n\t\t\t\t<div class=\"elementor-widget-container\">\n\t\t\t\t\t\n\t\t<div class=\"master-icon-text\">\n\t        <div class=\"icon-wrap\">\n\t\t        <i aria-hidden=\"true\" class=\"ci-tick\"><\/i>\t        <\/div> \n\n\t        <div class=\"content-wrap\">\n\t            Gestion compl\u00e8te des interfaces techniques (CVC, CFO\/CFA, GTB) avec respect des normes RE2020 et validation de la conformit\u00e9 \u00e0 chaque \u00e9tape du projet.\t        <\/div>\n\t    <\/div>\n\n\t    \t\t\t\t<\/div>\n\t\t\t\t<\/div>\n\t\t\t\t<div class=\"elementor-element elementor-element-aa11761 elementor-widget elementor-widget-text-editor\" data-id=\"aa11761\" data-element_type=\"widget\" data-e-type=\"widget\" data-widget_type=\"text-editor.default\">\n\t\t\t\t\t\t\t\t\t<p>Nos ing\u00e9nieurs exp\u00e9riment\u00e9s assurent l&rsquo;assistance \u00e0 la ma\u00eetrise d&rsquo;ouvrage tout au long du projet. De la consultation des entreprises jusqu&rsquo;\u00e0 la r\u00e9ception des installations, nous garantissons la qualit\u00e9 d&rsquo;ex\u00e9cution et le respect du cahier des charges. Notre expertise reconnue aupr\u00e8s de grands comptes (Vinci Autoroutes, Groupe Gagneraud) t\u00e9moigne de notre capacit\u00e9 \u00e0 piloter des projets d&rsquo;envergure avec la plus grande rigueur.<\/p>\t\t\t\t\t\t\t\t<\/div>\n\t\t\t\t<section class=\"elementor-section elementor-inner-section elementor-element elementor-element-636f59bb elementor-section-content-middle elementor-section-boxed elementor-section-height-default elementor-section-height-default\" data-id=\"636f59bb\" data-element_type=\"section\" data-e-type=\"section\">\n\t\t\t\t\t\t<div class=\"elementor-container elementor-column-gap-no\">\n\t\t\t\t\t<div class=\"elementor-column elementor-col-50 elementor-inner-column elementor-element elementor-element-13f6360f\" data-id=\"13f6360f\" data-element_type=\"column\" data-e-type=\"column\">\n\t\t\t<div class=\"elementor-widget-wrap elementor-element-populated\">\n\t\t\t\t\t\t<div class=\"elementor-element elementor-element-5294ff17 elementor-widget elementor-widget-image\" data-id=\"5294ff17\" data-element_type=\"widget\" data-e-type=\"widget\" data-widget_type=\"image.default\">\n\t\t\t\t\t\t\t\t\t\t\t\t\t\t\t<img decoding=\"async\" width=\"1709\" height=\"2560\" src=\"https:\/\/production-nethys.fr\/TLC\/wp-content\/uploads\/2026\/02\/architect-woman-with-a-plan-an-architectural-conc-2026-01-05-06-32-34-utc-scaled.jpg\" class=\"attachment-full size-full wp-image-6940\" alt=\"\" srcset=\"https:\/\/production-nethys.fr\/TLC\/wp-content\/uploads\/2026\/02\/architect-woman-with-a-plan-an-architectural-conc-2026-01-05-06-32-34-utc-scaled.jpg 1709w, https:\/\/production-nethys.fr\/TLC\/wp-content\/uploads\/2026\/02\/architect-woman-with-a-plan-an-architectural-conc-2026-01-05-06-32-34-utc-200x300.jpg 200w, https:\/\/production-nethys.fr\/TLC\/wp-content\/uploads\/2026\/02\/architect-woman-with-a-plan-an-architectural-conc-2026-01-05-06-32-34-utc-684x1024.jpg 684w, https:\/\/production-nethys.fr\/TLC\/wp-content\/uploads\/2026\/02\/architect-woman-with-a-plan-an-architectural-conc-2026-01-05-06-32-34-utc-768x1150.jpg 768w, https:\/\/production-nethys.fr\/TLC\/wp-content\/uploads\/2026\/02\/architect-woman-with-a-plan-an-architectural-conc-2026-01-05-06-32-34-utc-1025x1536.jpg 1025w, https:\/\/production-nethys.fr\/TLC\/wp-content\/uploads\/2026\/02\/architect-woman-with-a-plan-an-architectural-conc-2026-01-05-06-32-34-utc-1367x2048.jpg 1367w\" sizes=\"(max-width: 1709px) 100vw, 1709px\" \/>\t\t\t\t\t\t\t\t\t\t\t\t\t\t\t<\/div>\n\t\t\t\t\t<\/div>\n\t\t<\/div>\n\t\t\t\t<div class=\"elementor-column elementor-col-50 elementor-inner-column elementor-element elementor-element-6984eaaf\" data-id=\"6984eaaf\" data-element_type=\"column\" data-e-type=\"column\">\n\t\t\t<div class=\"elementor-widget-wrap elementor-element-populated\">\n\t\t\t\t\t\t<div class=\"elementor-element elementor-element-26346c1 heading-default elementor-widget elementor-widget-mae-headings\" data-id=\"26346c1\" data-element_type=\"widget\" data-e-type=\"widget\" data-widget_type=\"mae-headings.default\">\n\t\t\t\t<div class=\"elementor-widget-container\">\n\t\t\t\t\t\t\t<div class=\"master-heading sep-none\">\n\t\t\t\t\t\t\t        \n\t        \n\t        \t        <h2 class=\"main-heading\">Les avantages de notre Ma\u00eetrise d'\u0152uvre<\/h2>\n\t        \n\t        \n\t        \t            <div class=\"sub-heading\">Un accompagnement complet qui s\u00e9curise votre investissement et garantit la performance de vos installations.<\/div>\n\t        \t    <\/div>\n\t    \t\t\t\t<\/div>\n\t\t\t\t<\/div>\n\t\t\t\t<div class=\"elementor-element elementor-element-7dd5f25c list-default icon-default elementor-widget elementor-widget-mae-list\" data-id=\"7dd5f25c\" data-element_type=\"widget\" data-e-type=\"widget\" data-widget_type=\"mae-list.default\">\n\t\t\t\t<div class=\"elementor-widget-container\">\n\t\t\t\t\t\n\t\t<div class=\"master-list\">\n\t\t\t\t\t\t\t<div class=\"master-icon-text list-item\">\n\t\t\t\t        \t\t\t        <div class=\"icon-wrap\">\n    \t\t\t\t        <i aria-hidden=\"true\" class=\"ci ci-check2\"><\/i>    \t\t\t        <\/div> \n    \t\t\t    \n\t\t\t        <div class=\"content-wrap\">\n\t\t\t            Coordination optimale de tous les corps d'\u00e9tat pour \u00e9viter les retards et malfa\u00e7ons\t\t\t        <\/div>\n\t\t\t        \n\t\t\t        \t\t\t    <\/div>\n\t\t    \t\t\t\t<div class=\"master-icon-text list-item\">\n\t\t\t\t        \t\t\t        <div class=\"icon-wrap\">\n    \t\t\t\t        <i aria-hidden=\"true\" class=\"ci ci-check2\"><\/i>    \t\t\t        <\/div> \n    \t\t\t    \n\t\t\t        <div class=\"content-wrap\">\n\t\t\t            Contr\u00f4le rigoureux de la conformit\u00e9 r\u00e9glementaire et des performances \u00e9nerg\u00e9tiques\t\t\t        <\/div>\n\t\t\t        \n\t\t\t        \t\t\t    <\/div>\n\t\t    \t\t\t\t<div class=\"master-icon-text list-item\">\n\t\t\t\t        \t\t\t        <div class=\"icon-wrap\">\n    \t\t\t\t        <i aria-hidden=\"true\" class=\"ci ci-check2\"><\/i>    \t\t\t        <\/div> \n    \t\t\t    \n\t\t\t        <div class=\"content-wrap\">\n\t\t\t            Gestion proactive des al\u00e9as techniques avec solutions adapt\u00e9es en temps r\u00e9el\t\t\t        <\/div>\n\t\t\t        \n\t\t\t        \t\t\t    <\/div>\n\t\t    \t\t\t\t<div class=\"master-icon-text list-item\">\n\t\t\t\t        \t\t\t        <div class=\"icon-wrap\">\n    \t\t\t\t        <i aria-hidden=\"true\" class=\"ci ci-check2\"><\/i>    \t\t\t        <\/div> \n    \t\t\t    \n\t\t\t        <div class=\"content-wrap\">\n\t\t\t            R\u00e9ception minutieuse avec v\u00e9rification compl\u00e8te avant livraison du DOE\t\t\t        <\/div>\n\t\t\t        \n\t\t\t        \t\t\t    <\/div>\n\t\t    \t\t<\/div>\n\t\t\t\t\t<\/div>\n\t\t\t\t<\/div>\n\t\t\t\t\t<\/div>\n\t\t<\/div>\n\t\t\t\t\t<\/div>\n\t\t<\/section>\n\t\t\t\t<div class=\"elementor-element elementor-element-24840a33 btn-arrow accordion-style-1 arrow-right elementor-widget elementor-widget-mae-accordion\" data-id=\"24840a33\" data-element_type=\"widget\" data-e-type=\"widget\" data-widget_type=\"mae-accordion.default\">\n\t\t\t\t<div class=\"elementor-widget-container\">\n\t\t\t\t\t\n\t\t<div class=\"master-accordions\">\n\t\t\t\t\t\t\t\t\t\t\t<div class=\"item elementor-repeater-item-f6f88fe\">\n\t\t\t\t\t<div class=\"title\">\n\t\t\t\t\t\t<div class=\"arrow\"><\/div>\n\t\t\t\t\t\t<h3>Quelles sont les missions de la Ma\u00eetrise d'\u0152uvre ?<\/h3>\n\t\t\t\t\t<\/div>\n\n\t\t\t\t\t<div class=\"content\">\n\t\t\t\t\t\t<p>La Ma\u00eetrise d'\u0152uvre TLC \u00c9tudes comprend : l'assistance \u00e0 la consultation des entreprises, l'analyse des offres, le suivi de chantier avec visites r\u00e9guli\u00e8res, la coordination technique entre tous les corps d'\u00e9tat, le contr\u00f4le de la conformit\u00e9 des installations, la gestion des r\u00e9serves et la participation aux op\u00e9rations de r\u00e9ception. Nous assurons \u00e9galement la livraison du Dossier des Ouvrages Ex\u00e9cut\u00e9s (DOE) et l'assistance pendant la p\u00e9riode de garantie. Notre approche garantit le respect de vos d\u00e9lais, budgets et exigences techniques.<\/p>\t\t\t\t\t<\/div>\n\t\t\t\t<\/div>\n\t\t\t\t\t\t\t\t\t\t\t<div class=\"item elementor-repeater-item-9a490c4 active\">\n\t\t\t\t\t<div class=\"title\">\n\t\t\t\t\t\t<div class=\"arrow\"><\/div>\n\t\t\t\t\t\t<h3>Comment se d\u00e9roule le suivi de chantier ?<\/h3>\n\t\t\t\t\t<\/div>\n\n\t\t\t\t\t<div class=\"content\">\n\t\t\t\t\t\t<p>Nos ing\u00e9nieurs effectuent des visites de chantier hebdomadaires (ou plus selon la complexit\u00e9 du projet) avec production de comptes-rendus d\u00e9taill\u00e9s transmis \u00e0 tous les acteurs. Nous organisons des r\u00e9unions de coordination r\u00e9guli\u00e8res, v\u00e9rifions l'avancement des travaux par rapport au planning, contr\u00f4lons la conformit\u00e9 technique des installations et g\u00e9rons les \u00e9ventuels al\u00e9as en proposant des solutions adapt\u00e9es. Un suivi photographique et documentaire complet est assur\u00e9 tout au long du chantier pour garantir la tra\u00e7abilit\u00e9.<\/p>\t\t\t\t\t<\/div>\n\t\t\t\t<\/div>\n\t\t\t\t\t\t\t\t\t\t\t<div class=\"item elementor-repeater-item-12f336a\">\n\t\t\t\t\t<div class=\"title\">\n\t\t\t\t\t\t<div class=\"arrow\"><\/div>\n\t\t\t\t\t\t<h3>Intervenez-vous sur tous types de projets ?<\/h3>\n\t\t\t\t\t<\/div>\n\n\t\t\t\t\t<div class=\"content\">\n\t\t\t\t\t\t<p>Oui, TLC \u00c9tudes pilote des projets dans tous les secteurs : tertiaire (bureaux, commerces), culturel (mus\u00e9es avec contraintes patrimoniales), hospitality (h\u00f4tels, clubs de vacances), loisirs (espaces aquatiques), petite enfance (cr\u00e8ches), industriel (logistique, cuisines professionnelles), infrastructures (ferroviaire avec Vinci) et r\u00e9sidentiel (logements collectifs). Notre expertise multisectorielle nous permet d'adapter notre m\u00e9thodologie aux sp\u00e9cificit\u00e9s techniques et r\u00e9glementaires de chaque projet, quelle que soit son envergure.<\/p>\t\t\t\t\t<\/div>\n\t\t\t\t<\/div>\n\t\t\t\t\t\t\t\t\t\t\t<div class=\"item elementor-repeater-item-71340bf\">\n\t\t\t\t\t<div class=\"title\">\n\t\t\t\t\t\t<div class=\"arrow\"><\/div>\n\t\t\t\t\t\t<h3>Quelle est votre plus-value par rapport \u00e0 une MOE g\u00e9n\u00e9raliste ?<\/h3>\n\t\t\t\t\t<\/div>\n\n\t\t\t\t\t<div class=\"content\">\n\t\t\t\t\t\t<p>Notre sp\u00e9cialisation exclusive en fluides \u00e9nerg\u00e9tiques (CVC, CFO\/CFA, GTB) nous permet d'avoir une expertise technique pointue que les bureaux g\u00e9n\u00e9ralistes n'ont pas. Nous ma\u00eetrisons parfaitement les derni\u00e8res normes (RE2020, d\u00e9cret tertiaire), les simulations thermiques dynamiques et les syst\u00e8mes de gestion technique du b\u00e2timent. Nos r\u00e9f\u00e9rences sur projets complexes (mus\u00e9es, espaces aquatiques, infrastructures) d\u00e9montrent notre capacit\u00e9 \u00e0 g\u00e9rer des enjeux techniques sp\u00e9cifiques. Notre approche collaborative et notre r\u00e9activit\u00e9 sont r\u00e9guli\u00e8rement salu\u00e9es par nos clients grands comptes.<\/p>\t\t\t\t\t<\/div>\n\t\t\t\t<\/div>\n\t\t\t\t    <\/div>\n\n\t    \t\t\t\t<\/div>\n\t\t\t\t<\/div>\n\t\t\t\t\t<\/div>\n\t\t<\/div>\n\t\t\t\t\t<\/div>\n\t\t<\/section>\n\t\t\t\t<\/div>\n\t\t","protected":false},"excerpt":{"rendered":"<p>Ma\u00eetrise d\u2019\u0152uvre et Pilotage de Projet Audits Techniques et Diagnostics Gestion Technique du B\u00e2timent Courants Forts et Faibles Chauffage Ventilation Climatisation T\u00e9l\u00e9charger notre pdf de pr\u00e9sentation 3.9KB Une question? Parlons de votre Projet Contactez-nous +33 (0)6 63 89 94 63 Main Footer TLC \u00c9tudes assure le pilotage complet de vos<\/p>\n","protected":false},"author":1,"featured_media":0,"parent":5293,"menu_order":0,"comment_status":"closed","ping_status":"closed","template":"","meta":{"inline_featured_image":false,"footnotes":""},"class_list":["post-5921","page","type-page","status-publish","hentry"],"_links":{"self":[{"href":"https:\/\/production-nethys.fr\/TLC\/wp-json\/wp\/v2\/pages\/5921","targetHints":{"allow":["GET"]}}],"collection":[{"href":"https:\/\/production-nethys.fr\/TLC\/wp-json\/wp\/v2\/pages"}],"about":[{"href":"https:\/\/production-nethys.fr\/TLC\/wp-json\/wp\/v2\/types\/page"}],"author":[{"embeddable":true,"href":"https:\/\/production-nethys.fr\/TLC\/wp-json\/wp\/v2\/users\/1"}],"replies":[{"embeddable":true,"href":"https:\/\/production-nethys.fr\/TLC\/wp-json\/wp\/v2\/comments?post=5921"}],"version-history":[{"count":44,"href":"https:\/\/production-nethys.fr\/TLC\/wp-json\/wp\/v2\/pages\/5921\/revisions"}],"predecessor-version":[{"id":7037,"href":"https:\/\/production-nethys.fr\/TLC\/wp-json\/wp\/v2\/pages\/5921\/revisions\/7037"}],"up":[{"embeddable":true,"href":"https:\/\/production-nethys.fr\/TLC\/wp-json\/wp\/v2\/pages\/5293"}],"wp:attachment":[{"href":"https:\/\/production-nethys.fr\/TLC\/wp-json\/wp\/v2\/media?parent=5921"}],"curies":[{"name":"wp","href":"https:\/\/api.w.org\/{rel}","templated":true}]}}