{"id":124,"date":"2023-11-14T02:34:43","date_gmt":"2023-11-14T02:34:43","guid":{"rendered":"https:\/\/demo.bravisthemes.com\/ducatibox\/?page_id=124"},"modified":"2025-02-05T21:43:07","modified_gmt":"2025-02-05T20:43:07","slug":"contact","status":"publish","type":"page","link":"https:\/\/production-nethys.fr\/Dalmund\/contact\/","title":{"rendered":"Contact"},"content":{"rendered":"\t\t<div data-elementor-type=\"wp-page\" data-elementor-id=\"124\" class=\"elementor elementor-124\">\n\t\t\t\t        <section class=\"elementor-section elementor-top-section elementor-element elementor-element-ff1665d elementor-section-stretched elementor-section-boxed elementor-section-height-default elementor-section-height-default pxl-type-header-none pxl-section-smoke_particles-no pxl-row-scroll-none\" data-id=\"ff1665d\" data-element_type=\"section\" data-settings=\"{&quot;stretch_section&quot;:&quot;section-stretched&quot;}\">\n\n                \n                <div class=\"elementor-container elementor-column-gap-extended \">\n                <div class=\"elementor-column elementor-col-100 elementor-top-column elementor-element elementor-element-1410a1e pxl-column-element-default pxl-column-none\" data-id=\"1410a1e\" data-element_type=\"column\">\r\n        <div class=\"elementor-widget-wrap elementor-element-populated\">\r\n                     \r\n                <section class=\"elementor-section elementor-inner-section elementor-element elementor-element-04de619 elementor-section-boxed elementor-section-height-default elementor-section-height-default pxl-type-header-none pxl-section-smoke_particles-no pxl-row-scroll-none\" data-id=\"04de619\" data-element_type=\"section\">\n\n                \n                <div class=\"elementor-container elementor-column-gap-no \">\n                <div class=\"elementor-column elementor-col-33 elementor-inner-column elementor-element elementor-element-f73ed53 pxl-column-element-default pxl-column-none\" data-id=\"f73ed53\" data-element_type=\"column\">\r\n        <div class=\"elementor-widget-wrap elementor-element-populated\">\r\n                     \r\n        \t\t<div class=\"elementor-element elementor-element-bd78350 elementor-widget elementor-widget-pxl_heading\" data-id=\"bd78350\" data-element_type=\"widget\" data-widget_type=\"pxl_heading.default\">\n\t\t\t\t<div class=\"elementor-widget-container\">\n\t\t\t\t\t<div id=\"pxl-pxl_heading-bd78350-1312\" class=\"pxl-heading px-sub-title-default-style\">\n\t<div class=\"pxl-heading--inner\">\n\t\t\n\t\t\t\t\t<div class=\"pxl-item--subtitle px-sub-title-default \" data-wow-delay=\"ms\">\n\t\t\t\t<span class=\"pxl-item--subtext\">\n\t\t\t\t\t\t\t\t\t\t\t<span class=\"pxl-item--icon pxl-mr-1\">\n\t\t\t\t\t\t\t<svg xmlns=\"http:\/\/www.w3.org\/2000\/svg\" width=\"62\" height=\"17\" viewBox=\"0 0 62 17\" fill=\"none\"><path id=\"Vector\" d=\"M26.9944 0.857178H18.6414L3.27252 16.0409H11.6255L26.9944 0.857178Z\" fill=\"#D70006\"><\/path><path id=\"Vector_2\" d=\"M43.131 0.857178H34.778L19.4091 16.0409H27.7621L43.131 0.857178Z\" fill=\"#D70006\"><\/path><path id=\"Vector_3\" d=\"M59.2711 0.857178H50.9109L35.5492 16.0409H43.895L59.2711 0.857178Z\" fill=\"#D70006\"><\/path><\/svg>\t\t\t\t\t\t<\/span>\n\t\t\t\t\t\t\t\t\t\tT\u00e9l\u00e9phone\t\t\t\t\t<span class=\"pxl-item--subdivider\"><\/span>\n\t\t\t\t<\/span>\n\t\t\t<\/div>\n\t\t\n\t\t<h3 class=\"pxl-item--title  \" data-wow-delay=\"ms\">\n\t\t\t\t\t\t\t\t\t\n\t\t\t\t\n\t\t<\/h3>\n\n\t\t\n\t\t\n\t\t\t\t\t\t\t\t\t<\/div>\n<\/div>\t\t\t\t<\/div>\n\t\t\t\t<\/div>\n\t\t\t\t<div class=\"elementor-element elementor-element-adbe74f elementor-widget elementor-widget-pxl_heading\" data-id=\"adbe74f\" data-element_type=\"widget\" data-widget_type=\"pxl_heading.default\">\n\t\t\t\t<div class=\"elementor-widget-container\">\n\t\t\t\t\t<div id=\"pxl-pxl_heading-adbe74f-7118\" class=\"pxl-heading px-sub-title-default-style\">\n\t<div class=\"pxl-heading--inner\">\n\t\t\n\t\t\n\t\t<h3 class=\"pxl-item--title  \" data-wow-delay=\"ms\">\n\t\t\t\t\t\t\tN&#8217;h\u00e9sitez pas \u00e0 nous contacter :\t\t\n\t\t\t\t\n\t\t<\/h3>\n\n\t\t\n\t\t\n\t\t\t\t\t\t\t\t\t<\/div>\n<\/div>\t\t\t\t<\/div>\n\t\t\t\t<\/div>\n\t\t\t\t<div class=\"elementor-element elementor-element-6fdf116 elementor-widget elementor-widget-pxl_link\" data-id=\"6fdf116\" data-element_type=\"widget\" data-widget_type=\"pxl_link.default\">\n\t\t\t\t<div class=\"elementor-widget-container\">\n\t\t\t\t\t    <ul class=\"pxl-link pxl-link-l1 pxl-block  \" data-wow-delay=\"ms\">\r\n                        <li class=\"\">\r\n                    <a href=\"Tel:0139904910\">\r\n                                                <span>01 39 90 49 10<\/span>\r\n                    <\/a>\r\n                <\/li>\r\n            <\/ul>\r\n\t\t\t\t<\/div>\n\t\t\t\t<\/div>\n\t\t            <\/div>\r\n        <\/div>\r\n                <div class=\"elementor-column elementor-col-33 elementor-inner-column elementor-element elementor-element-2965a28 pxl-column-element-default pxl-column-none\" data-id=\"2965a28\" data-element_type=\"column\">\r\n        <div class=\"elementor-widget-wrap elementor-element-populated\">\r\n                     \r\n        \t\t<div class=\"elementor-element elementor-element-639c1d5 elementor-widget elementor-widget-pxl_heading\" data-id=\"639c1d5\" data-element_type=\"widget\" data-widget_type=\"pxl_heading.default\">\n\t\t\t\t<div class=\"elementor-widget-container\">\n\t\t\t\t\t<div id=\"pxl-pxl_heading-639c1d5-3959\" class=\"pxl-heading px-sub-title-default-style\">\n\t<div class=\"pxl-heading--inner\">\n\t\t\n\t\t\t\t\t<div class=\"pxl-item--subtitle px-sub-title-default \" data-wow-delay=\"ms\">\n\t\t\t\t<span class=\"pxl-item--subtext\">\n\t\t\t\t\t\t\t\t\t\t\t<span class=\"pxl-item--icon pxl-mr-1\">\n\t\t\t\t\t\t\t<svg xmlns=\"http:\/\/www.w3.org\/2000\/svg\" width=\"62\" height=\"17\" viewBox=\"0 0 62 17\" fill=\"none\"><path id=\"Vector\" d=\"M26.9944 0.857178H18.6414L3.27252 16.0409H11.6255L26.9944 0.857178Z\" fill=\"#D70006\"><\/path><path id=\"Vector_2\" d=\"M43.131 0.857178H34.778L19.4091 16.0409H27.7621L43.131 0.857178Z\" fill=\"#D70006\"><\/path><path id=\"Vector_3\" d=\"M59.2711 0.857178H50.9109L35.5492 16.0409H43.895L59.2711 0.857178Z\" fill=\"#D70006\"><\/path><\/svg>\t\t\t\t\t\t<\/span>\n\t\t\t\t\t\t\t\t\t\tEmail \t\t\t\t\t<span class=\"pxl-item--subdivider\"><\/span>\n\t\t\t\t<\/span>\n\t\t\t<\/div>\n\t\t\n\t\t<h3 class=\"pxl-item--title  \" data-wow-delay=\"ms\">\n\t\t\t\t\t\t\t\t\t\n\t\t\t\t\n\t\t<\/h3>\n\n\t\t\n\t\t\n\t\t\t\t\t\t\t\t\t<\/div>\n<\/div>\t\t\t\t<\/div>\n\t\t\t\t<\/div>\n\t\t\t\t<div class=\"elementor-element elementor-element-c16089f elementor-widget elementor-widget-pxl_heading\" data-id=\"c16089f\" data-element_type=\"widget\" data-widget_type=\"pxl_heading.default\">\n\t\t\t\t<div class=\"elementor-widget-container\">\n\t\t\t\t\t<div id=\"pxl-pxl_heading-c16089f-3459\" class=\"pxl-heading px-sub-title-default-style\">\n\t<div class=\"pxl-heading--inner\">\n\t\t\n\t\t\n\t\t<h3 class=\"pxl-item--title  \" data-wow-delay=\"ms\">\n\t\t\t\t\t\t\tNotre Email :\t\t\n\t\t\t\t\n\t\t<\/h3>\n\n\t\t\n\t\t\n\t\t\t\t\t\t\t\t\t<\/div>\n<\/div>\t\t\t\t<\/div>\n\t\t\t\t<\/div>\n\t\t\t\t<div class=\"elementor-element elementor-element-3c92e20 elementor-widget elementor-widget-pxl_link\" data-id=\"3c92e20\" data-element_type=\"widget\" data-widget_type=\"pxl_link.default\">\n\t\t\t\t<div class=\"elementor-widget-container\">\n\t\t\t\t\t    <ul class=\"pxl-link pxl-link-l1 pxl-block  \" data-wow-delay=\"ms\">\r\n                        <li class=\"\">\r\n                    <a href=\"mailto:contact@dalmund-auto.fr\">\r\n                                                <span>contact(@)dalmund-auto.fr<\/span>\r\n                    <\/a>\r\n                <\/li>\r\n            <\/ul>\r\n\t\t\t\t<\/div>\n\t\t\t\t<\/div>\n\t\t            <\/div>\r\n        <\/div>\r\n                <div class=\"elementor-column elementor-col-33 elementor-inner-column elementor-element elementor-element-c9bb40b pxl-column-element-default pxl-column-none\" data-id=\"c9bb40b\" data-element_type=\"column\">\r\n        <div class=\"elementor-widget-wrap elementor-element-populated\">\r\n                     \r\n        \t\t<div class=\"elementor-element elementor-element-a31315c elementor-widget elementor-widget-pxl_heading\" data-id=\"a31315c\" data-element_type=\"widget\" data-widget_type=\"pxl_heading.default\">\n\t\t\t\t<div class=\"elementor-widget-container\">\n\t\t\t\t\t<div id=\"pxl-pxl_heading-a31315c-8450\" class=\"pxl-heading px-sub-title-default-style\">\n\t<div class=\"pxl-heading--inner\">\n\t\t\n\t\t\t\t\t<div class=\"pxl-item--subtitle px-sub-title-default \" data-wow-delay=\"ms\">\n\t\t\t\t<span class=\"pxl-item--subtext\">\n\t\t\t\t\t\t\t\t\t\t\t<span class=\"pxl-item--icon pxl-mr-1\">\n\t\t\t\t\t\t\t<svg xmlns=\"http:\/\/www.w3.org\/2000\/svg\" width=\"62\" height=\"17\" viewBox=\"0 0 62 17\" fill=\"none\"><path id=\"Vector\" d=\"M26.9944 0.857178H18.6414L3.27252 16.0409H11.6255L26.9944 0.857178Z\" fill=\"#D70006\"><\/path><path id=\"Vector_2\" d=\"M43.131 0.857178H34.778L19.4091 16.0409H27.7621L43.131 0.857178Z\" fill=\"#D70006\"><\/path><path id=\"Vector_3\" d=\"M59.2711 0.857178H50.9109L35.5492 16.0409H43.895L59.2711 0.857178Z\" fill=\"#D70006\"><\/path><\/svg>\t\t\t\t\t\t<\/span>\n\t\t\t\t\t\t\t\t\t\tAdresse\t\t\t\t\t<span class=\"pxl-item--subdivider\"><\/span>\n\t\t\t\t<\/span>\n\t\t\t<\/div>\n\t\t\n\t\t<h3 class=\"pxl-item--title  \" data-wow-delay=\"ms\">\n\t\t\t\t\t\t\t\t\t\n\t\t\t\t\n\t\t<\/h3>\n\n\t\t\n\t\t\n\t\t\t\t\t\t\t\t\t<\/div>\n<\/div>\t\t\t\t<\/div>\n\t\t\t\t<\/div>\n\t\t\t\t<div class=\"elementor-element elementor-element-8765a21 elementor-widget elementor-widget-pxl_heading\" data-id=\"8765a21\" data-element_type=\"widget\" data-widget_type=\"pxl_heading.default\">\n\t\t\t\t<div class=\"elementor-widget-container\">\n\t\t\t\t\t<div id=\"pxl-pxl_heading-8765a21-6193\" class=\"pxl-heading px-sub-title-default-style\">\n\t<div class=\"pxl-heading--inner\">\n\t\t\n\t\t\n\t\t<h3 class=\"pxl-item--title  \" data-wow-delay=\"ms\">\n\t\t\t\t\t\t\tNous rendre visite :\t\t\n\t\t\t\t\n\t\t<\/h3>\n\n\t\t\n\t\t\n\t\t\t\t\t\t\t\t\t<\/div>\n<\/div>\t\t\t\t<\/div>\n\t\t\t\t<\/div>\n\t\t\t\t<div class=\"elementor-element elementor-element-1e32930 elementor-widget elementor-widget-pxl_link\" data-id=\"1e32930\" data-element_type=\"widget\" data-widget_type=\"pxl_link.default\">\n\t\t\t\t<div class=\"elementor-widget-container\">\n\t\t\t\t\t    <ul class=\"pxl-link pxl-link-l1 pxl-block  \" data-wow-delay=\"ms\">\r\n                        <li class=\"\">\r\n                    <a >\r\n                                                <span>2 TER RUE PIERRE EMMANUEL, 95330 DOMONT <\/span>\r\n                    <\/a>\r\n                <\/li>\r\n            <\/ul>\r\n\t\t\t\t<\/div>\n\t\t\t\t<\/div>\n\t\t            <\/div>\r\n        <\/div>\r\n        \t\t\t<\/div>\n\t\t<\/section>\n\t\t            <\/div>\r\n        <\/div>\r\n        \t\t\t<\/div>\n\t\t<\/section>\n\t\t        <section class=\"elementor-section elementor-top-section elementor-element elementor-element-ac1deb3 elementor-section-boxed elementor-section-height-default elementor-section-height-default pxl-type-header-none pxl-section-smoke_particles-no pxl-row-scroll-none\" data-id=\"ac1deb3\" data-element_type=\"section\">\n\n                \n                <div class=\"elementor-container elementor-column-gap-extended \">\n                <div class=\"elementor-column elementor-col-100 elementor-top-column elementor-element elementor-element-b158828 pxl-column-element-default pxl-column-none\" data-id=\"b158828\" data-element_type=\"column\">\r\n        <div class=\"elementor-widget-wrap elementor-element-populated\">\r\n                     \r\n        \t\t<div class=\"elementor-element elementor-element-bcedb2d google-map-color-custom elementor-widget elementor-widget-google_maps\" data-id=\"bcedb2d\" data-element_type=\"widget\" data-widget_type=\"google_maps.default\">\n\t\t\t\t<div class=\"elementor-widget-container\">\n\t\t\t\t\t\t\t<div class=\"elementor-custom-embed\">\n\t\t\t<iframe loading=\"lazy\"\n\t\t\t\t\tsrc=\"https:\/\/maps.google.com\/maps?q=2%20T%20RUE%20PIERRE%20EMMANUEL%2C%2095330%20DOMONT&#038;t=m&#038;z=14&#038;output=embed&#038;iwloc=near\"\n\t\t\t\t\ttitle=\"2 T RUE PIERRE EMMANUEL, 95330 DOMONT\"\n\t\t\t\t\taria-label=\"2 T RUE PIERRE EMMANUEL, 95330 DOMONT\"\n\t\t\t><\/iframe>\n\t\t<\/div>\n\t\t\t\t\t\t<\/div>\n\t\t\t\t<\/div>\n\t\t\t\t<div class=\"elementor-element elementor-element-57ee9d2 elementor-widget__width-auto elementor-absolute elementor-widget elementor-widget-pxl_opening_hour\" data-id=\"57ee9d2\" data-element_type=\"widget\" data-settings=\"{&quot;_position&quot;:&quot;absolute&quot;}\" data-widget_type=\"pxl_opening_hour.default\">\n\t\t\t\t<div class=\"elementor-widget-container\">\n\t\t\t\t\t<div class=\"pxl-opening-hour\">    \r\n                <div class=\"pxl--item \" >\r\n                            <label>Lundi<\/label>\r\n            \r\n                            <span>9h00 \u00e0 18h00<\/span>\r\n                    <\/div>\r\n            <div class=\"pxl--item \" >\r\n                            <label>Mardi<\/label>\r\n            \r\n                            <span>9h00 \u00e0 18h00<\/span>\r\n                    <\/div>\r\n            <div class=\"pxl--item \" >\r\n                            <label>Mercredi<\/label>\r\n            \r\n                            <span>9h00 \u00e0 18h00<\/span>\r\n                    <\/div>\r\n            <div class=\"pxl--item \" >\r\n                            <label>Jeudi<\/label>\r\n            \r\n                            <span>9h00 \u00e0 18h00<\/span>\r\n                    <\/div>\r\n            <div class=\"pxl--item \" >\r\n                            <label>Vendredi<\/label>\r\n            \r\n                            <span>9h00 \u00e0 18h00<\/span>\r\n                    <\/div>\r\n            <div class=\"pxl--item \" >\r\n                            <label>Samedi<\/label>\r\n            \r\n                            <span>Ferm\u00e9<\/span>\r\n                    <\/div>\r\n            <div class=\"pxl--item \" >\r\n                            <label>Dimanche<\/label>\r\n            \r\n                            <span><span>Ferm\u00e9<\/span><\/span>\r\n                    <\/div>\r\n          \r\n<\/div>\t\t\t\t<\/div>\n\t\t\t\t<\/div>\n\t\t            <\/div>\r\n        <\/div>\r\n        \t\t\t<\/div>\n\t\t<\/section>\n\t\t        <section class=\"elementor-section elementor-top-section elementor-element elementor-element-b2fb98a elementor-section-stretched elementor-section-boxed elementor-section-height-default elementor-section-height-default pxl-type-header-none pxl-section-smoke_particles-no pxl-row-scroll-none\" data-id=\"b2fb98a\" data-element_type=\"section\" data-settings=\"{&quot;stretch_section&quot;:&quot;section-stretched&quot;}\">\n\n                \n                <div class=\"elementor-container elementor-column-gap-extended \">\n                <div class=\"elementor-column elementor-col-50 elementor-top-column elementor-element elementor-element-7c0a7b1 pxl-column-element-default pxl-column-none\" data-id=\"7c0a7b1\" data-element_type=\"column\">\r\n        <div class=\"elementor-widget-wrap elementor-element-populated\">\r\n                     \r\n        \t\t<div class=\"elementor-element elementor-element-6cc3eea elementor-widget elementor-widget-pxl_heading\" data-id=\"6cc3eea\" data-element_type=\"widget\" data-widget_type=\"pxl_heading.default\">\n\t\t\t\t<div class=\"elementor-widget-container\">\n\t\t\t\t\t<div id=\"pxl-pxl_heading-6cc3eea-8537\" class=\"pxl-heading px-sub-title-default-style\">\n\t<div class=\"pxl-heading--inner\">\n\t\t\n\t\t\t\t\t<div class=\"pxl-item--subtitle px-sub-title-default \" data-wow-delay=\"ms\">\n\t\t\t\t<span class=\"pxl-item--subtext\">\n\t\t\t\t\t\t\t\t\t\tCONTACTEZ NOUS\t\t\t\t\t<span class=\"pxl-item--subdivider\"><\/span>\n\t\t\t\t<\/span>\n\t\t\t<\/div>\n\t\t\n\t\t<h3 class=\"pxl-item--title  \" data-wow-delay=\"ms\">\n\t\t\t\t\t\t\tUne questions ? Nous sommes \u00e0 votre disposition pour tous compl\u00e9ment d&#8217;information\t\t\n\t\t\t\t\n\t\t<\/h3>\n\n\t\t\n\t\t\n\t\t\t\t\t\t\t\t\t\t\t<div class=\"px-divider--wrap \">\n\t\t\t\t<div class=\"px-title--divider px-title--divider6\"><span><\/span><\/div>\n\t\t\t<\/div>\n\t\t\t<\/div>\n<\/div>\t\t\t\t<\/div>\n\t\t\t\t<\/div>\n\t\t\t\t<div class=\"elementor-element elementor-element-7cf7852 elementor-widget elementor-widget-pxl_text_editor\" data-id=\"7cf7852\" data-element_type=\"widget\" data-widget_type=\"pxl_text_editor.default\">\n\t\t\t\t<div class=\"elementor-widget-container\">\n\t\t\t\t\t<div class=\"pxl-text-editor \">\n\t<div class=\"pxl-item--inner \" data-wow-delay=\"ms\">\n\t\t<p>Lorem ipsum dolor sit amet, consectetur adipiscing elit. Suspendisse interdum nulla eu posuere scelerisque. Donec sagittis adipiscing elit.<\/p>\t<\/div>\n<\/div>\t\t\t\t<\/div>\n\t\t\t\t<\/div>\n\t\t            <\/div>\r\n        <\/div>\r\n                <div class=\"elementor-column elementor-col-50 elementor-top-column elementor-element elementor-element-bf9c4dd pxl-column-element-default pxl-column-none\" data-id=\"bf9c4dd\" data-element_type=\"column\">\r\n        <div class=\"elementor-widget-wrap elementor-element-populated\">\r\n                     \r\n        \t\t<div class=\"elementor-element elementor-element-b0e4bb2 elementor-widget elementor-widget-pxl_contact_form\" data-id=\"b0e4bb2\" data-element_type=\"widget\" data-widget_type=\"pxl_contact_form.default\">\n\t\t\t\t<div class=\"elementor-widget-container\">\n\t\t\t\t\t    <div class=\"pxl-contact-form pxl-contact-form1 btn-w-auto \" data-wow-delay=\"ms\">\r\n                \n<div class=\"wpcf7 no-js\" id=\"wpcf7-f6-o1\" lang=\"en-US\" dir=\"ltr\" data-wpcf7-id=\"6\">\n<div class=\"screen-reader-response\"><p role=\"status\" aria-live=\"polite\" aria-atomic=\"true\"><\/p> <ul><\/ul><\/div>\n<form action=\"\/Dalmund\/wp-json\/wp\/v2\/pages\/124#wpcf7-f6-o1\" method=\"post\" class=\"wpcf7-form init\" aria-label=\"Contact form\" novalidate=\"novalidate\" data-status=\"init\">\n<div style=\"display: none;\">\n<input type=\"hidden\" name=\"_wpcf7\" value=\"6\" \/>\n<input type=\"hidden\" name=\"_wpcf7_version\" value=\"6.0.4\" \/>\n<input type=\"hidden\" name=\"_wpcf7_locale\" value=\"en_US\" \/>\n<input type=\"hidden\" name=\"_wpcf7_unit_tag\" value=\"wpcf7-f6-o1\" \/>\n<input type=\"hidden\" name=\"_wpcf7_container_post\" value=\"0\" \/>\n<input type=\"hidden\" name=\"_wpcf7_posted_data_hash\" value=\"\" \/>\n<\/div>\n<div class=\"wp-row-ctf7 contact-form-custom1\">\n\t<div class=\"row pxl-group--items\">\n\t\t<div class=\"col-lg-6\">\n\t\t\t<div class=\"pxl--item your-name\">\n\t\t\t\t<p><span class=\"wpcf7-form-control-wrap\" data-name=\"your-name\"><input size=\"40\" maxlength=\"400\" class=\"wpcf7-form-control wpcf7-text wpcf7-validates-as-required\" aria-required=\"true\" aria-invalid=\"false\" value=\"Nom\" type=\"text\" name=\"your-name\" \/><\/span>\n\t\t\t\t<\/p>\n\t\t\t<\/div>\n\t\t<\/div>\n\t\t<div class=\"col-lg-6\">\n\t\t\t<div class=\"pxl--item your-emaill\">\n\t\t\t\t<p><span class=\"wpcf7-form-control-wrap\" data-name=\"your-emaill\"><input size=\"40\" maxlength=\"400\" class=\"wpcf7-form-control wpcf7-email wpcf7-validates-as-required wpcf7-text wpcf7-validates-as-email\" aria-required=\"true\" aria-invalid=\"false\" value=\"E-mail\" type=\"email\" name=\"your-emaill\" \/><\/span>\n\t\t\t\t<\/p>\n\t\t\t<\/div>\n\t\t<\/div>\n\t\t<div class=\"col-lg-12\">\n\t\t\t<div class=\"pxl--item your-subject\">\n\t\t\t\t<p><span class=\"wpcf7-form-control-wrap\" data-name=\"your-subject\"><input size=\"40\" maxlength=\"400\" class=\"wpcf7-form-control wpcf7-text wpcf7-validates-as-required\" aria-required=\"true\" aria-invalid=\"false\" value=\"Sujet\" type=\"text\" name=\"your-subject\" \/><\/span>\n\t\t\t\t<\/p>\n\t\t\t<\/div>\n\t\t<\/div>\n\t\t<div class=\"col-lg-12\">\n\t\t\t<div class=\"pxl--item your-message\">\n\t\t\t\t<p><span class=\"wpcf7-form-control-wrap\" data-name=\"textarea-823\"><textarea cols=\"40\" rows=\"10\" maxlength=\"2000\" class=\"wpcf7-form-control wpcf7-textarea wpcf7-validates-as-required\" aria-required=\"true\" aria-invalid=\"false\" name=\"textarea-823\"><\/textarea><\/span>\n\t\t\t\t<\/p>\n\t\t\t<\/div>\n\t\t<\/div>\n\t<\/div>\n\t<div class=\"col-lg-12\">\n\t\t<div class=\"row pxl--item input-filled-btn\">\n\t\t\t<p><button type=\"submit\" class=\"btn btn-default pxl-icon--right\" data-animation=\"pxl-xspin\">ENVOYER <i class=\"i-plus\"><\/i><\/button>\n\t\t\t<\/p>\n\t\t<\/div>\n\t<\/div>\n<\/div><div class=\"wpcf7-response-output\" aria-hidden=\"true\"><\/div>\n<\/form>\n<\/div>\n    <\/div>\r\n\t\t\t\t<\/div>\n\t\t\t\t<\/div>\n\t\t            <\/div>\r\n        <\/div>\r\n        \t\t\t<\/div>\n\t\t<\/section>\n\t\t\t\t<\/div>\n\t\t","protected":false},"excerpt":{"rendered":"<p>T\u00e9l\u00e9phone N&rsquo;h\u00e9sitez pas \u00e0 nous contacter : 01 39 90 49 10 Email Notre Email : contact(@)dalmund-auto.fr Adresse Nous rendre visite : 2 TER RUE PIERRE EMMANUEL, 95330 DOMONT Lundi 9h00 \u00e0 18h00 Mardi 9h00 \u00e0 18h00 Mercredi 9h00 \u00e0 18h00 Jeudi 9h00 \u00e0 18h00 Vendredi 9h00 \u00e0 18h00 Samedi Ferm\u00e9 Dimanche Ferm\u00e9 CONTACTEZ NOUS [&hellip;]<\/p>\n","protected":false},"author":1,"featured_media":0,"parent":0,"menu_order":0,"comment_status":"closed","ping_status":"closed","template":"","meta":{"footnotes":""},"class_list":["post-124","page","type-page","status-publish","hentry"],"_links":{"self":[{"href":"https:\/\/production-nethys.fr\/Dalmund\/wp-json\/wp\/v2\/pages\/124","targetHints":{"allow":["GET"]}}],"collection":[{"href":"https:\/\/production-nethys.fr\/Dalmund\/wp-json\/wp\/v2\/pages"}],"about":[{"href":"https:\/\/production-nethys.fr\/Dalmund\/wp-json\/wp\/v2\/types\/page"}],"author":[{"embeddable":true,"href":"https:\/\/production-nethys.fr\/Dalmund\/wp-json\/wp\/v2\/users\/1"}],"replies":[{"embeddable":true,"href":"https:\/\/production-nethys.fr\/Dalmund\/wp-json\/wp\/v2\/comments?post=124"}],"version-history":[{"count":15,"href":"https:\/\/production-nethys.fr\/Dalmund\/wp-json\/wp\/v2\/pages\/124\/revisions"}],"predecessor-version":[{"id":8644,"href":"https:\/\/production-nethys.fr\/Dalmund\/wp-json\/wp\/v2\/pages\/124\/revisions\/8644"}],"wp:attachment":[{"href":"https:\/\/production-nethys.fr\/Dalmund\/wp-json\/wp\/v2\/media?parent=124"}],"curies":[{"name":"wp","href":"https:\/\/api.w.org\/{rel}","templated":true}]}}